{"id":46435,"date":"2025-03-01T00:00:00","date_gmt":"2025-02-28T22:00:00","guid":{"rendered":"https:\/\/www.vempele.fi\/fi\/tuote\/it-wheels-gina-gloss-black-18x80-et40-tesla-model-3\/"},"modified":"2026-04-17T20:51:16","modified_gmt":"2026-04-17T17:51:16","slug":"it-wheels-gina-gloss-black-18x80-et40-tesla-model-3","status":"publish","type":"product","link":"https:\/\/www.vempele.fi\/sv\/tuote\/it-wheels-gina-gloss-black-18x80-et40-tesla-model-3\/","title":{"rendered":"IT WHEELS GINA Blanksvart 18\u00d78,0 ET40 \u2013 Tesla Model 3"},"content":{"rendered":"<p>IT WHEELS GINA Gloss Black 18&#215;8,0 ET40<\/p>\n<ul>\n<li>Bredd: 8,0\u2033<\/li>\n<li>F\u00e4lgdiameter: 18\u2033<\/li>\n<li>Direkt passform: nej. Nej. De n\u00f6dv\u00e4ndiga adapterringarna ing\u00e5r.<\/li>\n<li>Centrumh\u00e5l: 70,1 mm<\/li>\n<li>Original centrumkopp passar: nej<\/li>\n<li>Bultf\u00f6rdelning 5\u00d7114,3<\/li>\n<li>Cone: C - L\u00e4mpliga muttrar medf\u00f6ljer.<\/li>\n<li>Vikt: 11,950 kg<\/li>\n<li>Lastindex: 0850 kg<\/li>\n<li>T\u00dcV: Ja<\/li>\n<li>Rekommenderad vinteranv\u00e4ndning: ja<\/li>\n<\/ul>\n<p><strong>Obs!\u00a0<\/strong>Inte l\u00e4mplig f\u00f6r Performance-modellen!<\/p>","protected":false},"excerpt":{"rendered":"<p>IT WHEELS GINA Gloss Black 18&#215;8,0 ET40 <\/p>\n<p> Priset g\u00e4ller f\u00f6r en f\u00e4lg <\/p>\n<p> F\u00e4lgarna levereras direkt fr\u00e5n partnerns lager - leveranstid ca 1 vecka. <\/p>\n<p><a href=\"#tab-description\">L\u00e4s mer...<\/a><\/p>","protected":false},"featured_media":46436,"comment_status":"open","ping_status":"open","template":"","meta":[],"product_brand":[],"product_cat":[372],"product_tag":[766,156,121,363],"class_list":{"0":"post-46435","1":"product","2":"type-product","3":"status-publish","4":"has-post-thumbnail","6":"product_cat-vanteet","7":"product_tag-iw","8":"product_tag-model-3","9":"product_tag-tesla","10":"product_tag-vanne","12":"first","13":"instock","14":"taxable","15":"shipping-taxable","16":"purchasable","17":"product-type-simple"},"jetpack_sharing_enabled":true,"_links":{"self":[{"href":"https:\/\/www.vempele.fi\/sv\/wp-json\/wp\/v2\/product\/46435","targetHints":{"allow":["GET"]}}],"collection":[{"href":"https:\/\/www.vempele.fi\/sv\/wp-json\/wp\/v2\/product"}],"about":[{"href":"https:\/\/www.vempele.fi\/sv\/wp-json\/wp\/v2\/types\/product"}],"replies":[{"embeddable":true,"href":"https:\/\/www.vempele.fi\/sv\/wp-json\/wp\/v2\/comments?post=46435"}],"wp:featuredmedia":[{"embeddable":true,"href":"https:\/\/www.vempele.fi\/sv\/wp-json\/wp\/v2\/media\/46436"}],"wp:attachment":[{"href":"https:\/\/www.vempele.fi\/sv\/wp-json\/wp\/v2\/media?parent=46435"}],"wp:term":[{"taxonomy":"product_brand","embeddable":true,"href":"https:\/\/www.vempele.fi\/sv\/wp-json\/wp\/v2\/product_brand?post=46435"},{"taxonomy":"product_cat","embeddable":true,"href":"https:\/\/www.vempele.fi\/sv\/wp-json\/wp\/v2\/product_cat?post=46435"},{"taxonomy":"product_tag","embeddable":true,"href":"https:\/\/www.vempele.fi\/sv\/wp-json\/wp\/v2\/product_tag?post=46435"}],"curies":[{"name":"wp","href":"https:\/\/api.w.org\/{rel}","templated":true}]}}