{"id":46589,"date":"2026-03-29T15:51:20","date_gmt":"2026-03-29T12:51:20","guid":{"rendered":"https:\/\/www.vempele.fi\/?post_type=product&#038;p=46589"},"modified":"2026-03-29T15:51:22","modified_gmt":"2026-03-29T12:51:22","slug":"vesipumppu-nty-model-3","status":"publish","type":"product","link":"https:\/\/www.vempele.fi\/sv\/tuote\/vesipumppu-nty-model-3\/","title":{"rendered":"Vesipumppu &#8211; NTY- Model 3"},"content":{"rendered":"<p>NTY Vesipumppu, Model 3<\/p>\n<ul>\n<li>Tillverkare: NTY<\/li>\n<li>Valmistajan tuotenumero: CPZ-CH-004<\/li>\n<li>Ytterligare information:\n<ul>\n<li>Tiivisteill\u00e4<\/li>\n<li>Liitinpinnien lukum\u00e4\u00e4r\u00e4 4<\/li>\n<\/ul>\n<\/li>\n<li>OE-referensnummer som tillhandah\u00e5lls av tillverkaren:\n<ul>\n<li>1088245-00-J<\/li>\n<li>1088245-00-K<\/li>\n<li>127-11000-001<\/li>\n<\/ul>\n<\/li>\n<li>L\u00e4mplighet:\n<ul>\n<li>Modell 3 2017 \u2013<\/li>\n<\/ul>\n<\/li>\n<\/ul>","protected":false},"excerpt":{"rendered":"<p>NTY Vesipumppu.<\/p>\n<p>Sopii Tesla Model 3 2017 &#8211;<\/p>","protected":false},"featured_media":46590,"comment_status":"open","ping_status":"closed","template":"","meta":[],"product_brand":[802],"product_cat":[151,128,471],"product_tag":[],"class_list":{"0":"post-46589","1":"product","2":"type-product","3":"status-publish","4":"has-post-thumbnail","6":"product_brand-nty","7":"product_cat-model-3","8":"product_cat-tesla-tuotteet","9":"product_cat-model-3-varaosat","11":"first","12":"instock","13":"taxable","14":"shipping-taxable","15":"purchasable","16":"product-type-simple"},"jetpack_sharing_enabled":true,"_links":{"self":[{"href":"https:\/\/www.vempele.fi\/sv\/wp-json\/wp\/v2\/product\/46589","targetHints":{"allow":["GET"]}}],"collection":[{"href":"https:\/\/www.vempele.fi\/sv\/wp-json\/wp\/v2\/product"}],"about":[{"href":"https:\/\/www.vempele.fi\/sv\/wp-json\/wp\/v2\/types\/product"}],"replies":[{"embeddable":true,"href":"https:\/\/www.vempele.fi\/sv\/wp-json\/wp\/v2\/comments?post=46589"}],"wp:featuredmedia":[{"embeddable":true,"href":"https:\/\/www.vempele.fi\/sv\/wp-json\/wp\/v2\/media\/46590"}],"wp:attachment":[{"href":"https:\/\/www.vempele.fi\/sv\/wp-json\/wp\/v2\/media?parent=46589"}],"wp:term":[{"taxonomy":"product_brand","embeddable":true,"href":"https:\/\/www.vempele.fi\/sv\/wp-json\/wp\/v2\/product_brand?post=46589"},{"taxonomy":"product_cat","embeddable":true,"href":"https:\/\/www.vempele.fi\/sv\/wp-json\/wp\/v2\/product_cat?post=46589"},{"taxonomy":"product_tag","embeddable":true,"href":"https:\/\/www.vempele.fi\/sv\/wp-json\/wp\/v2\/product_tag?post=46589"}],"curies":[{"name":"wp","href":"https:\/\/api.w.org\/{rel}","templated":true}]}}