{"id":46708,"date":"2026-04-01T10:31:07","date_gmt":"2026-04-01T07:31:07","guid":{"rendered":"https:\/\/www.vempele.fi\/?post_type=product&#038;p=46708"},"modified":"2026-04-03T15:42:20","modified_gmt":"2026-04-03T12:42:20","slug":"hjullager-bak-fyrhjulsdrift-framre-axel-nty-tesla-modell-s","status":"publish","type":"product","link":"https:\/\/www.vempele.fi\/sv\/tuote\/pyoranlaakeri-rwd-etuakseli-nty-tesla-model-s\/","title":{"rendered":"Hjulager Bakhjulsdrift, Framaxel \u2013 NTY \u2013 Tesla Model S"},"content":{"rendered":"<p>Hjulager Bakhjulsdrift, Framaxel \u2013 NTY \u2013 Tesla Model S<\/p>\n<ul>\n<li>Tillverkare: NTY<\/li>\n<li>Tillverkarens artikelnummer: KLP-CH-073<\/li>\n<li>OE-referensnummer som tillhandah\u00e5lls av tillverkaren:\n<ul>\n<li>1027121-00-A<\/li>\n<li>6007040-00-A<\/li>\n<\/ul>\n<\/li>\n<li>Antal f\u00e4sth\u00e5l: 4<\/li>\n<li>Vanne, luckor: 5<\/li>\n<li>Vikt: ca 4,6 kg<\/li>\n<\/ul>\n<p>&nbsp;<\/p>","protected":false},"excerpt":{"rendered":"<p>Tillverkarens NTY hjullager Tesla Model S.<\/p>\n<p><strong>Obs!<\/strong> Denna produkt \u00e4r inte l\u00e4mplig f\u00f6r AWD \/ fyrhjulsdrivna modeller!<\/p>","protected":false},"featured_media":46710,"comment_status":"open","ping_status":"closed","template":"","meta":[],"product_brand":[802],"product_cat":[152,153,473,474],"product_tag":[475,172,173,121,319],"class_list":{"0":"post-46708","1":"product","2":"type-product","3":"status-publish","4":"has-post-thumbnail","6":"product_brand-nty","7":"product_cat-model-s","8":"product_cat-model-x","9":"product_cat-varaosat-model-s","10":"product_cat-varaosat-model-x","11":"product_tag-laakeri","12":"product_tag-model-s","13":"product_tag-model-x","14":"product_tag-tesla","15":"product_tag-varaosat","17":"first","18":"instock","19":"taxable","20":"shipping-taxable","21":"purchasable","22":"product-type-simple"},"jetpack_sharing_enabled":true,"_links":{"self":[{"href":"https:\/\/www.vempele.fi\/sv\/wp-json\/wp\/v2\/product\/46708","targetHints":{"allow":["GET"]}}],"collection":[{"href":"https:\/\/www.vempele.fi\/sv\/wp-json\/wp\/v2\/product"}],"about":[{"href":"https:\/\/www.vempele.fi\/sv\/wp-json\/wp\/v2\/types\/product"}],"replies":[{"embeddable":true,"href":"https:\/\/www.vempele.fi\/sv\/wp-json\/wp\/v2\/comments?post=46708"}],"wp:featuredmedia":[{"embeddable":true,"href":"https:\/\/www.vempele.fi\/sv\/wp-json\/wp\/v2\/media\/46710"}],"wp:attachment":[{"href":"https:\/\/www.vempele.fi\/sv\/wp-json\/wp\/v2\/media?parent=46708"}],"wp:term":[{"taxonomy":"product_brand","embeddable":true,"href":"https:\/\/www.vempele.fi\/sv\/wp-json\/wp\/v2\/product_brand?post=46708"},{"taxonomy":"product_cat","embeddable":true,"href":"https:\/\/www.vempele.fi\/sv\/wp-json\/wp\/v2\/product_cat?post=46708"},{"taxonomy":"product_tag","embeddable":true,"href":"https:\/\/www.vempele.fi\/sv\/wp-json\/wp\/v2\/product_tag?post=46708"}],"curies":[{"name":"wp","href":"https:\/\/api.w.org\/{rel}","templated":true}]}}