{"id":46828,"date":"2025-03-01T00:00:00","date_gmt":"2025-02-28T22:00:00","guid":{"rendered":"https:\/\/www.vempele.fi\/fi\/tuote\/monaco-wheels-gp16-gloss-black-polished-19x80-et45-model-y\/"},"modified":"2026-04-17T22:51:18","modified_gmt":"2026-04-17T19:51:18","slug":"monaco-falgar-gp16-blanksvart-polerad-19x80-et45-modell-y","status":"publish","type":"product","link":"https:\/\/www.vempele.fi\/sv\/tuote\/monaco-wheels-gp16-gloss-black-polished-19x80-et45-model-y\/","title":{"rendered":"MONACO WHEELS GP16 Blanksvart \/ Polerad 19\u00d78,0 ET45 \u2013 Model Y"},"content":{"rendered":"<p>MONACO HJUL GP16 Blanksvart \/ Polerad 19x8,0 ET45<\/p>\n<ul>\n<li>Bredd: 8,0\u2033<\/li>\n<li>F\u00e4lgens diameter: 19\u2033<\/li>\n<li>Direkt passform: nej. Nej. De n\u00f6dv\u00e4ndiga adapterringarna ing\u00e5r.<\/li>\n<li>Genomsnittligt h\u00e5l: 73,1 mm<\/li>\n<li>Original centrumkopp passar: nej<\/li>\n<li>Bultf\u00f6rdelning 5\u00d7114,3<\/li>\n<li>Cone: C - L\u00e4mpliga muttrar medf\u00f6ljer.<\/li>\n<li>Vikt: 12.400 kg<\/li>\n<li>Lastindex: 0780 kg<\/li>\n<li>T\u00dcV: Ja<\/li>\n<li>Rekommenderad vinteranv\u00e4ndning: ja<\/li>\n<\/ul>\n<p>L\u00e4mplig f\u00f6r modell Y Performance <\/p>","protected":false},"excerpt":{"rendered":"<p>MONACO HJUL GP16 Blanksvart \/ Polerad 19x8,0 ET45 <\/p>\n<p> Priset g\u00e4ller f\u00f6r en f\u00e4lg <\/p>\n<p> F\u00e4lgarna levereras direkt fr\u00e5n partnerns lager - leveranstid ca 1 vecka. <\/p>\n<p><a href=\"#tab-description\">L\u00e4s mer...<\/a><\/p>","protected":false},"featured_media":46829,"comment_status":"open","ping_status":"open","template":"","meta":[],"product_brand":[],"product_cat":[372],"product_tag":[774,121,363],"class_list":{"0":"post-46828","1":"product","2":"type-product","3":"status-publish","4":"has-post-thumbnail","6":"product_cat-vanteet","7":"product_tag-monaco-wheels","8":"product_tag-tesla","9":"product_tag-vanne","11":"first","12":"instock","13":"taxable","14":"shipping-taxable","15":"purchasable","16":"product-type-simple"},"jetpack_sharing_enabled":true,"_links":{"self":[{"href":"https:\/\/www.vempele.fi\/sv\/wp-json\/wp\/v2\/product\/46828","targetHints":{"allow":["GET"]}}],"collection":[{"href":"https:\/\/www.vempele.fi\/sv\/wp-json\/wp\/v2\/product"}],"about":[{"href":"https:\/\/www.vempele.fi\/sv\/wp-json\/wp\/v2\/types\/product"}],"replies":[{"embeddable":true,"href":"https:\/\/www.vempele.fi\/sv\/wp-json\/wp\/v2\/comments?post=46828"}],"wp:featuredmedia":[{"embeddable":true,"href":"https:\/\/www.vempele.fi\/sv\/wp-json\/wp\/v2\/media\/46829"}],"wp:attachment":[{"href":"https:\/\/www.vempele.fi\/sv\/wp-json\/wp\/v2\/media?parent=46828"}],"wp:term":[{"taxonomy":"product_brand","embeddable":true,"href":"https:\/\/www.vempele.fi\/sv\/wp-json\/wp\/v2\/product_brand?post=46828"},{"taxonomy":"product_cat","embeddable":true,"href":"https:\/\/www.vempele.fi\/sv\/wp-json\/wp\/v2\/product_cat?post=46828"},{"taxonomy":"product_tag","embeddable":true,"href":"https:\/\/www.vempele.fi\/sv\/wp-json\/wp\/v2\/product_tag?post=46828"}],"curies":[{"name":"wp","href":"https:\/\/api.w.org\/{rel}","templated":true}]}}