{"id":46910,"date":"2026-04-08T11:14:46","date_gmt":"2026-04-08T08:14:46","guid":{"rendered":"https:\/\/www.vempele.fi\/?post_type=product&#038;p=46910"},"modified":"2026-04-08T16:02:31","modified_gmt":"2026-04-08T13:02:31","slug":"nedre-bararm-fram-vanster-sida-nty-modell-s-x","status":"publish","type":"product","link":"https:\/\/www.vempele.fi\/sv\/tuote\/etuakselin-alatukivarsi-etummainen-vasen-puoli-nty-model-s-x\/","title":{"rendered":"Fr\u00e4mre axelns nedre kontrollarm, fr\u00e4mre, v\u00e4nster sida \u2013 NTY \u2013 Model S \/ X"},"content":{"rendered":"<p>Tillverkare: NTY<\/p>\n<ul>\n<li>OE-nummer som tillhandah\u00e5lls av tillverkaren:\n<ul>\n<li>1041570-00-B<\/li>\n<\/ul>\n<\/li>\n<li>Tillverkarens produktnummer:\n<ul>\n<li>ZWD-CH-095<\/li>\n<\/ul>\n<\/li>\n<li>L\u00e4mplighet:\n<ul>\n<li>Model S 2012 - 2020<\/li>\n<li>Modell S 2021 -&gt;<\/li>\n<li>Model X 2016 - 2020<\/li>\n<li>Modell X 2021 -&gt;<\/li>\n<\/ul>\n<\/li>\n<li>Material: aluminium<\/li>\n<li>Vikt: ca 1,75 kg<\/li>\n<\/ul>","protected":false},"excerpt":{"rendered":"<p>NTY fr\u00e4mre axelnedre styrarm, fr\u00e4mre, v\u00e4nster sida f\u00f6r Tesla modell S och X.<\/p>","protected":false},"featured_media":46911,"comment_status":"open","ping_status":"closed","template":"","meta":[],"product_brand":[802],"product_cat":[152,153,473,474],"product_tag":[172,173,121,476,319],"class_list":{"0":"post-46910","1":"product","2":"type-product","3":"status-publish","4":"has-post-thumbnail","6":"product_brand-nty","7":"product_cat-model-s","8":"product_cat-model-x","9":"product_cat-varaosat-model-s","10":"product_cat-varaosat-model-x","11":"product_tag-model-s","12":"product_tag-model-x","13":"product_tag-tesla","14":"product_tag-tukivarsi","15":"product_tag-varaosat","17":"first","18":"instock","19":"taxable","20":"shipping-taxable","21":"purchasable","22":"product-type-simple"},"jetpack_sharing_enabled":true,"_links":{"self":[{"href":"https:\/\/www.vempele.fi\/sv\/wp-json\/wp\/v2\/product\/46910","targetHints":{"allow":["GET"]}}],"collection":[{"href":"https:\/\/www.vempele.fi\/sv\/wp-json\/wp\/v2\/product"}],"about":[{"href":"https:\/\/www.vempele.fi\/sv\/wp-json\/wp\/v2\/types\/product"}],"replies":[{"embeddable":true,"href":"https:\/\/www.vempele.fi\/sv\/wp-json\/wp\/v2\/comments?post=46910"}],"wp:featuredmedia":[{"embeddable":true,"href":"https:\/\/www.vempele.fi\/sv\/wp-json\/wp\/v2\/media\/46911"}],"wp:attachment":[{"href":"https:\/\/www.vempele.fi\/sv\/wp-json\/wp\/v2\/media?parent=46910"}],"wp:term":[{"taxonomy":"product_brand","embeddable":true,"href":"https:\/\/www.vempele.fi\/sv\/wp-json\/wp\/v2\/product_brand?post=46910"},{"taxonomy":"product_cat","embeddable":true,"href":"https:\/\/www.vempele.fi\/sv\/wp-json\/wp\/v2\/product_cat?post=46910"},{"taxonomy":"product_tag","embeddable":true,"href":"https:\/\/www.vempele.fi\/sv\/wp-json\/wp\/v2\/product_tag?post=46910"}],"curies":[{"name":"wp","href":"https:\/\/api.w.org\/{rel}","templated":true}]}}