{"id":46915,"date":"2026-04-08T12:07:04","date_gmt":"2026-04-08T09:07:04","guid":{"rendered":"https:\/\/www.vempele.fi\/?post_type=product&#038;p=46915"},"modified":"2026-04-08T16:03:53","modified_gmt":"2026-04-08T13:03:53","slug":"ovre-bararm-framaxel-hoger-nty-tesla-model-3-y","status":"publish","type":"product","link":"https:\/\/www.vempele.fi\/sv\/tuote\/etuakselin-ylatukivarsi-oikea-nty-tesla-model-3-y\/","title":{"rendered":"\u00d6vre b\u00e4rarm f\u00f6r framaxel, h\u00f6ger \u2013 NTY \u2013 Tesla Model 3 \/ Y"},"content":{"rendered":"<p>\u00d6vre b\u00e4rarm f\u00f6r framaxel, h\u00f6ger \u2013 NTY \u2013 Tesla Model 3 \/ Y<\/p>\n<ul>\n<li>Tillverkare: NTY<\/li>\n<li>Tillverkarens artikelnummer: ZWG-CH-050<\/li>\n<li>Tesla OE-nummer som tillhandah\u00e5lls av tillverkaren:\n<ul>\n<li>1044326-00-F<\/li>\n<li>1044326-00-G<\/li>\n<li>1044326-00-H<\/li>\n<li>1044326-00-J<\/li>\n<li>1288326-00-A<\/li>\n<\/ul>\n<\/li>\n<li>L\u00e4mplighet:\n<ul>\n<li>Modell Y<\/li>\n<li>Model 3 Pre-Refresh vm. 2019 - 2021<\/li>\n<li>Modell 3 Uppdatering vm. 2021 - 2023<\/li>\n<\/ul>\n<\/li>\n<li>Monteringspunkt: \u00f6verarm, fram, h\u00f6ger<\/li>\n<\/ul>\n<p>&nbsp;<\/p>","protected":false},"excerpt":{"rendered":"<p>\u00d6vre b\u00e4rarm f\u00f6r framaxel, h\u00f6ger \u2013 NTY \u2013 Tesla Model 3 \/ Y<\/p>","protected":false},"featured_media":46917,"comment_status":"open","ping_status":"closed","template":"","meta":[],"product_brand":[802],"product_cat":[151,154,471,472],"product_tag":[156,271,121,476,319,732],"class_list":{"0":"post-46915","1":"product","2":"type-product","3":"status-publish","4":"has-post-thumbnail","6":"product_brand-nty","7":"product_cat-model-3","8":"product_cat-model-y","9":"product_cat-model-3-varaosat","10":"product_cat-varaosat-model-y","11":"product_tag-model-3","12":"product_tag-model-y","13":"product_tag-tesla","14":"product_tag-tukivarsi","15":"product_tag-varaosat","16":"product_tag-ylatukivarsi","18":"first","19":"instock","20":"taxable","21":"shipping-taxable","22":"purchasable","23":"product-type-simple"},"jetpack_sharing_enabled":true,"_links":{"self":[{"href":"https:\/\/www.vempele.fi\/sv\/wp-json\/wp\/v2\/product\/46915","targetHints":{"allow":["GET"]}}],"collection":[{"href":"https:\/\/www.vempele.fi\/sv\/wp-json\/wp\/v2\/product"}],"about":[{"href":"https:\/\/www.vempele.fi\/sv\/wp-json\/wp\/v2\/types\/product"}],"replies":[{"embeddable":true,"href":"https:\/\/www.vempele.fi\/sv\/wp-json\/wp\/v2\/comments?post=46915"}],"wp:featuredmedia":[{"embeddable":true,"href":"https:\/\/www.vempele.fi\/sv\/wp-json\/wp\/v2\/media\/46917"}],"wp:attachment":[{"href":"https:\/\/www.vempele.fi\/sv\/wp-json\/wp\/v2\/media?parent=46915"}],"wp:term":[{"taxonomy":"product_brand","embeddable":true,"href":"https:\/\/www.vempele.fi\/sv\/wp-json\/wp\/v2\/product_brand?post=46915"},{"taxonomy":"product_cat","embeddable":true,"href":"https:\/\/www.vempele.fi\/sv\/wp-json\/wp\/v2\/product_cat?post=46915"},{"taxonomy":"product_tag","embeddable":true,"href":"https:\/\/www.vempele.fi\/sv\/wp-json\/wp\/v2\/product_tag?post=46915"}],"curies":[{"name":"wp","href":"https:\/\/api.w.org\/{rel}","templated":true}]}}