{"id":46935,"date":"2026-04-08T15:38:02","date_gmt":"2026-04-08T12:38:02","guid":{"rendered":"https:\/\/www.vempele.fi\/?post_type=product&#038;p=46935"},"modified":"2026-04-13T21:15:25","modified_gmt":"2026-04-13T18:15:25","slug":"mekanismi-taka-akseli-poikkituki-takainen-ylempi-oikea-vasen-suuntanumero-tesla-model-s-x","status":"publish","type":"product","link":"https:\/\/www.vempele.fi\/sv\/tuote\/taka-akselin-poikittaistukivarsi-taaimmainen-ylempi-oikea-vasen-nty-tesla-model-s-x\/","title":{"rendered":"Bakre, \u00f6vre, h\u00f6gra \/ v\u00e4nstra tv\u00e4rstaget till bakaxeln, NTY, Tesla Model S \/ X"},"content":{"rendered":"<p>Bakre, \u00f6vre, h\u00f6gra \/ v\u00e4nstra tv\u00e4rstaget till bakaxeln, NTY, Tesla Model S \/ X<\/p>\n<ul>\n<li>Tillverkare: NTY<\/li>\n<li>Tillverkarens artikelnummer: ZWT-CH-071<\/li>\n<li>OE-nummer som tillhandah\u00e5lls av tillverkaren:\n<ul>\n<li>1027426-00-C<\/li>\n<li>1027426-00-A<\/li>\n<li>1043963-00-B<\/li>\n<\/ul>\n<\/li>\n<li>L\u00e4mplighet:\n<ul>\n<li>Model S 2012 - 2020<\/li>\n<li>Modell S 2021 -&gt;<\/li>\n<li>Modell X 2015 \u2013 2020<\/li>\n<li>Modell X 2021 -&gt;<\/li>\n<\/ul>\n<\/li>\n<li>Material: aluminium<\/li>\n<li>Vikt: ca 0,9 kg<\/li>\n<\/ul>","protected":false},"excerpt":{"rendered":"<p>Bakaxelns tv\u00e4rstag, bakre, \u00f6vre, h\u00f6ger \/ v\u00e4nster<\/p>","protected":false},"featured_media":46936,"comment_status":"open","ping_status":"closed","template":"","meta":[],"product_brand":[802],"product_cat":[152,153,473,474],"product_tag":[172,173,577,121,476,319],"class_list":{"0":"post-46935","1":"product","2":"type-product","3":"status-publish","4":"has-post-thumbnail","6":"product_brand-nty","7":"product_cat-model-s","8":"product_cat-model-x","9":"product_cat-varaosat-model-s","10":"product_cat-varaosat-model-x","11":"product_tag-model-s","12":"product_tag-model-x","13":"product_tag-taka-akseli","14":"product_tag-tesla","15":"product_tag-tukivarsi","16":"product_tag-varaosat","18":"first","19":"outofstock","20":"taxable","21":"shipping-taxable","22":"purchasable","23":"product-type-simple"},"jetpack_sharing_enabled":true,"_links":{"self":[{"href":"https:\/\/www.vempele.fi\/sv\/wp-json\/wp\/v2\/product\/46935","targetHints":{"allow":["GET"]}}],"collection":[{"href":"https:\/\/www.vempele.fi\/sv\/wp-json\/wp\/v2\/product"}],"about":[{"href":"https:\/\/www.vempele.fi\/sv\/wp-json\/wp\/v2\/types\/product"}],"replies":[{"embeddable":true,"href":"https:\/\/www.vempele.fi\/sv\/wp-json\/wp\/v2\/comments?post=46935"}],"wp:featuredmedia":[{"embeddable":true,"href":"https:\/\/www.vempele.fi\/sv\/wp-json\/wp\/v2\/media\/46936"}],"wp:attachment":[{"href":"https:\/\/www.vempele.fi\/sv\/wp-json\/wp\/v2\/media?parent=46935"}],"wp:term":[{"taxonomy":"product_brand","embeddable":true,"href":"https:\/\/www.vempele.fi\/sv\/wp-json\/wp\/v2\/product_brand?post=46935"},{"taxonomy":"product_cat","embeddable":true,"href":"https:\/\/www.vempele.fi\/sv\/wp-json\/wp\/v2\/product_cat?post=46935"},{"taxonomy":"product_tag","embeddable":true,"href":"https:\/\/www.vempele.fi\/sv\/wp-json\/wp\/v2\/product_tag?post=46935"}],"curies":[{"name":"wp","href":"https:\/\/api.w.org\/{rel}","templated":true}]}}