{"id":47130,"date":"2026-04-16T21:37:57","date_gmt":"2026-04-16T18:37:57","guid":{"rendered":"https:\/\/www.vempele.fi\/?post_type=product&#038;p=47130"},"modified":"2026-04-16T21:37:58","modified_gmt":"2026-04-16T18:37:58","slug":"vetoakseli-taakse-vasen-oikea-nty-model-x","status":"publish","type":"product","link":"https:\/\/www.vempele.fi\/sv\/tuote\/vetoakseli-taakse-vasen-oikea-nty-model-x\/","title":{"rendered":"Vetoakseli, taakse vasen \/ oikea &#8211; NTY &#8211; Model X"},"content":{"rendered":"<ul>\n<li>Valmistajan tuotenumero: NPW-CH-078<\/li>\n<li>OE-nummer som tillhandah\u00e5lls av tillverkaren:\n<ul>\n<li>1007719-00-C<\/li>\n<li>1007719-01-B<\/li>\n<li>1027161-00-B<\/li>\n<\/ul>\n<\/li>\n<li>L\u00e4mplighet:\n<ul>\n<li>Modell X\n<ul>\n<li>60D\/75D\/90D\/100D\/P90D\/P100D\u00a0 2015 -&gt;<\/li>\n<\/ul>\n<\/li>\n<\/ul>\n<\/li>\n<li>Ytterligare information:\n<ul>\n<li>Pituus: 870mm<\/li>\n<li>Halkaisija: 28mm<\/li>\n<li>Hammastus renkaan p\u00e4\u00e4ss\u00e4: 30<\/li>\n<li>Hammastus tasauspy\u00f6r\u00e4st\u00f6n p\u00e4\u00e4ss\u00e4: 29<\/li>\n<\/ul>\n<\/li>\n<li>Paino: n. 9,6kg<\/li>\n<\/ul>","protected":false},"excerpt":{"rendered":"<p>Vetoakseli, taakse vasen \/ oikea &#8211; NTY &#8211; Model X<\/p>","protected":false},"featured_media":47133,"comment_status":"open","ping_status":"closed","template":"","meta":[],"product_brand":[802],"product_cat":[153,474],"product_tag":[848,863,687,746,686],"class_list":{"0":"post-47130","1":"product","2":"type-product","3":"status-publish","4":"has-post-thumbnail","6":"product_brand-nty","7":"product_cat-model-x","8":"product_cat-varaosat-model-x","9":"product_tag-varaosa","10":"product_tag-varaosat-model-x","11":"product_tag-vetari","12":"product_tag-vetoakseli","13":"product_tag-vetonivel","15":"first","16":"instock","17":"taxable","18":"shipping-taxable","19":"purchasable","20":"product-type-simple"},"jetpack_sharing_enabled":true,"_links":{"self":[{"href":"https:\/\/www.vempele.fi\/sv\/wp-json\/wp\/v2\/product\/47130","targetHints":{"allow":["GET"]}}],"collection":[{"href":"https:\/\/www.vempele.fi\/sv\/wp-json\/wp\/v2\/product"}],"about":[{"href":"https:\/\/www.vempele.fi\/sv\/wp-json\/wp\/v2\/types\/product"}],"replies":[{"embeddable":true,"href":"https:\/\/www.vempele.fi\/sv\/wp-json\/wp\/v2\/comments?post=47130"}],"wp:featuredmedia":[{"embeddable":true,"href":"https:\/\/www.vempele.fi\/sv\/wp-json\/wp\/v2\/media\/47133"}],"wp:attachment":[{"href":"https:\/\/www.vempele.fi\/sv\/wp-json\/wp\/v2\/media?parent=47130"}],"wp:term":[{"taxonomy":"product_brand","embeddable":true,"href":"https:\/\/www.vempele.fi\/sv\/wp-json\/wp\/v2\/product_brand?post=47130"},{"taxonomy":"product_cat","embeddable":true,"href":"https:\/\/www.vempele.fi\/sv\/wp-json\/wp\/v2\/product_cat?post=47130"},{"taxonomy":"product_tag","embeddable":true,"href":"https:\/\/www.vempele.fi\/sv\/wp-json\/wp\/v2\/product_tag?post=47130"}],"curies":[{"name":"wp","href":"https:\/\/api.w.org\/{rel}","templated":true}]}}