{"id":47220,"date":"2025-03-01T00:00:00","date_gmt":"2025-02-28T22:00:00","guid":{"rendered":"https:\/\/www.vempele.fi\/fi\/tuote\/cms-c23-gloss-black-polished-lip-20x80-et38-model-3-y\/"},"modified":"2026-04-18T06:51:17","modified_gmt":"2026-04-18T03:51:17","slug":"cms-c23-blanksvart-polerad-kant-20x80-et38-modell-3-y","status":"publish","type":"product","link":"https:\/\/www.vempele.fi\/sv\/tuote\/cms-c23-gloss-black-polished-lip-20x80-et38-model-3-y\/","title":{"rendered":"CMS C23 Blank Svart \/ Polerad f\u00e4lgkant 20\u00d78,0 ET38 \u2013 Model 3 \/ Y"},"content":{"rendered":"<p>CMS C23 Blanksvart \/ polerad f\u00e4lg 20\u00d78,0 ET38<\/p>\n<ul>\n<li>Bredd: 8,0\u2033<\/li>\n<li>F\u00e4lgdiameter: 20\u2033<\/li>\n<li>Direkt passform: nej. Nej. De n\u00f6dv\u00e4ndiga adapterringarna ing\u00e5r.<\/li>\n<li>Genomsnittligt h\u00e5l: 67,1 mm<\/li>\n<li>Original centrumkopp passar: nej<\/li>\n<li>Bultf\u00f6rdelning 5\u00d7114,3<\/li>\n<li>Cone: C - L\u00e4mpliga muttrar medf\u00f6ljer.<\/li>\n<li>Vikt: 14,710 kg<\/li>\n<li>Lastindex: 0750 kg<\/li>\n<li>T\u00dcV: Ja<\/li>\n<li>Rekommenderad vinteranv\u00e4ndning: ja<\/li>\n<\/ul>\n<p>Inte l\u00e4mplig f\u00f6r Model 3 Performance <br \/>Ej l\u00e4mplig f\u00f6r Model Y Performance <\/p>","protected":false},"excerpt":{"rendered":"<p>CMS C23 Blanksvart \/ polerad f\u00e4lg 20\u00d78,0 ET38 <\/p>\n<p> Priset g\u00e4ller f\u00f6r en f\u00e4lg <\/p>\n<p> F\u00e4lgarna levereras direkt fr\u00e5n partnerns lager - leveranstid ca 1 vecka. <\/p>\n<p><a href=\"#tab-description\">L\u00e4s mer...<\/a><\/p>","protected":false},"featured_media":47221,"comment_status":"open","ping_status":"open","template":"","meta":[],"product_brand":[],"product_cat":[372],"product_tag":[777,121,363],"class_list":{"0":"post-47220","1":"product","2":"type-product","3":"status-publish","4":"has-post-thumbnail","6":"product_cat-vanteet","7":"product_tag-cms","8":"product_tag-tesla","9":"product_tag-vanne","11":"first","12":"instock","13":"taxable","14":"shipping-taxable","15":"purchasable","16":"product-type-simple"},"jetpack_sharing_enabled":true,"_links":{"self":[{"href":"https:\/\/www.vempele.fi\/sv\/wp-json\/wp\/v2\/product\/47220","targetHints":{"allow":["GET"]}}],"collection":[{"href":"https:\/\/www.vempele.fi\/sv\/wp-json\/wp\/v2\/product"}],"about":[{"href":"https:\/\/www.vempele.fi\/sv\/wp-json\/wp\/v2\/types\/product"}],"replies":[{"embeddable":true,"href":"https:\/\/www.vempele.fi\/sv\/wp-json\/wp\/v2\/comments?post=47220"}],"wp:featuredmedia":[{"embeddable":true,"href":"https:\/\/www.vempele.fi\/sv\/wp-json\/wp\/v2\/media\/47221"}],"wp:attachment":[{"href":"https:\/\/www.vempele.fi\/sv\/wp-json\/wp\/v2\/media?parent=47220"}],"wp:term":[{"taxonomy":"product_brand","embeddable":true,"href":"https:\/\/www.vempele.fi\/sv\/wp-json\/wp\/v2\/product_brand?post=47220"},{"taxonomy":"product_cat","embeddable":true,"href":"https:\/\/www.vempele.fi\/sv\/wp-json\/wp\/v2\/product_cat?post=47220"},{"taxonomy":"product_tag","embeddable":true,"href":"https:\/\/www.vempele.fi\/sv\/wp-json\/wp\/v2\/product_tag?post=47220"}],"curies":[{"name":"wp","href":"https:\/\/api.w.org\/{rel}","templated":true}]}}