{"id":47613,"date":"2026-05-04T19:30:32","date_gmt":"2026-05-04T16:30:32","guid":{"rendered":"https:\/\/www.vempele.fi\/?post_type=product&#038;p=47613"},"modified":"2026-05-04T19:30:34","modified_gmt":"2026-05-04T16:30:34","slug":"iskunvaimennin-eteen-vasen-nty-model-3-rwd","status":"publish","type":"product","link":"https:\/\/www.vempele.fi\/sv\/tuote\/iskunvaimennin-eteen-vasen-nty-model-3-rwd\/","title":{"rendered":"Iskunvaimennin, eteen, vasen \u2013 NTY \u2013 Model 3 RWD"},"content":{"rendered":"<p>Iskunvaimennin, eteen, vasen \u2013 NTY \u2013 Model 3 RWD<\/p>\n<ul>\n<li>Valmistajan tuotenumero: A-CH-140<\/li>\n<li>OE-nummer som tillhandah\u00e5lls av tillverkaren:\n<ul>\n<li>\u00a01044090-00-A<\/li>\n<li>\u00a0104409000A<\/li>\n<\/ul>\n<\/li>\n<li>L\u00e4mplighet:\n<ul>\n<li>Model 3 2017 \u2013 2023<\/li>\n<\/ul>\n<\/li>\n<li>Ytterligare information:\n<ul>\n<li>Paino: n. 7.2kg<\/li>\n<li>Iskunvaimentimen tyyppi: Kaasu<\/li>\n<li>Jousi mukana: Kyll\u00e4<\/li>\n<\/ul>\n<\/li>\n<\/ul>","protected":false},"excerpt":{"rendered":"<p>Iskunvaimennin <b>takavedon <\/b>etuakselin vasemmalle puolelle. Sis\u00e4lt\u00e4\u00e4 my\u00f6s jousen.<\/p>\n<p>Tillverkare: NTY<\/p>","protected":false},"featured_media":47687,"comment_status":"open","ping_status":"closed","template":"","meta":[],"product_brand":[802],"product_cat":[151,471],"product_tag":[898,901,899,900,156,848,319],"class_list":{"0":"post-47613","1":"product","2":"type-product","3":"status-publish","4":"has-post-thumbnail","6":"product_brand-nty","7":"product_cat-model-3","8":"product_cat-model-3-varaosat","9":"product_tag-iskari","10":"product_tag-iskaritolppa","11":"product_tag-iskunvaimennin","12":"product_tag-jousi","13":"product_tag-model-3","14":"product_tag-varaosa","15":"product_tag-varaosat","17":"first","18":"instock","19":"taxable","20":"shipping-taxable","21":"purchasable","22":"product-type-simple"},"jetpack_sharing_enabled":true,"_links":{"self":[{"href":"https:\/\/www.vempele.fi\/sv\/wp-json\/wp\/v2\/product\/47613","targetHints":{"allow":["GET"]}}],"collection":[{"href":"https:\/\/www.vempele.fi\/sv\/wp-json\/wp\/v2\/product"}],"about":[{"href":"https:\/\/www.vempele.fi\/sv\/wp-json\/wp\/v2\/types\/product"}],"replies":[{"embeddable":true,"href":"https:\/\/www.vempele.fi\/sv\/wp-json\/wp\/v2\/comments?post=47613"}],"wp:featuredmedia":[{"embeddable":true,"href":"https:\/\/www.vempele.fi\/sv\/wp-json\/wp\/v2\/media\/47687"}],"wp:attachment":[{"href":"https:\/\/www.vempele.fi\/sv\/wp-json\/wp\/v2\/media?parent=47613"}],"wp:term":[{"taxonomy":"product_brand","embeddable":true,"href":"https:\/\/www.vempele.fi\/sv\/wp-json\/wp\/v2\/product_brand?post=47613"},{"taxonomy":"product_cat","embeddable":true,"href":"https:\/\/www.vempele.fi\/sv\/wp-json\/wp\/v2\/product_cat?post=47613"},{"taxonomy":"product_tag","embeddable":true,"href":"https:\/\/www.vempele.fi\/sv\/wp-json\/wp\/v2\/product_tag?post=47613"}],"curies":[{"name":"wp","href":"https:\/\/api.w.org\/{rel}","templated":true}]}}