{"id":47692,"date":"2026-05-04T19:41:06","date_gmt":"2026-05-04T16:41:06","guid":{"rendered":"https:\/\/www.vempele.fi\/?post_type=product&#038;p=47692"},"modified":"2026-05-04T19:41:08","modified_gmt":"2026-05-04T16:41:08","slug":"iskunvaimennin-taakse-vasen-nty-model-s-2012-2016-rwd","status":"publish","type":"product","link":"https:\/\/www.vempele.fi\/sv\/tuote\/iskunvaimennin-taakse-vasen-nty-model-s-2012-2016-rwd\/","title":{"rendered":"St\u00f6td\u00e4mpare, bak, v\u00e4nster \u2013 NTY \u2013 Model S 2012 \u2013 2016 Bakhjulsdrift"},"content":{"rendered":"<p>St\u00f6td\u00e4mpare, bak, v\u00e4nster \u2013 NTY \u2013 Model S 2012 \u2013 2016 Bakhjulsdrift<\/p>\n<ul>\n<li>Valmistajan tuotenumero: A-CH-143<\/li>\n<li>OE-nummer som tillhandah\u00e5lls av tillverkaren:\n<ul>\n<li>6006352-00-D<\/li>\n<li>600635200D<\/li>\n<\/ul>\n<\/li>\n<li>L\u00e4mplighet:\n<ul>\n<li>Model S 2012 \u2013 2016\n<ul>\n<li><strong>RWD eli takaveto!<\/strong><\/li>\n<\/ul>\n<\/li>\n<\/ul>\n<\/li>\n<li>Ytterligare information:\n<ul>\n<li>Paino: n. 8kg<\/li>\n<li>Iskunvaimentimen tyyppi: Paineilma<\/li>\n<\/ul>\n<\/li>\n<\/ul>","protected":false},"excerpt":{"rendered":"<p>Ilmajousituksen iskunvaimennin\u00a0<b>takavedon\u00a0<\/b>taka-akselille vasemmalle<\/p>\n<p>Tillverkare: NTY<\/p>","protected":false},"featured_media":47693,"comment_status":"open","ping_status":"closed","template":"","meta":[],"product_brand":[802],"product_cat":[152,473],"product_tag":[902,898,901,899,172,848,319],"class_list":{"0":"post-47692","1":"product","2":"type-product","3":"status-publish","4":"has-post-thumbnail","6":"product_brand-nty","7":"product_cat-model-s","8":"product_cat-varaosat-model-s","9":"product_tag-ilmajousi","10":"product_tag-iskari","11":"product_tag-iskaritolppa","12":"product_tag-iskunvaimennin","13":"product_tag-model-s","14":"product_tag-varaosa","15":"product_tag-varaosat","17":"first","18":"instock","19":"taxable","20":"shipping-taxable","21":"purchasable","22":"product-type-simple"},"jetpack_sharing_enabled":true,"_links":{"self":[{"href":"https:\/\/www.vempele.fi\/sv\/wp-json\/wp\/v2\/product\/47692","targetHints":{"allow":["GET"]}}],"collection":[{"href":"https:\/\/www.vempele.fi\/sv\/wp-json\/wp\/v2\/product"}],"about":[{"href":"https:\/\/www.vempele.fi\/sv\/wp-json\/wp\/v2\/types\/product"}],"replies":[{"embeddable":true,"href":"https:\/\/www.vempele.fi\/sv\/wp-json\/wp\/v2\/comments?post=47692"}],"wp:featuredmedia":[{"embeddable":true,"href":"https:\/\/www.vempele.fi\/sv\/wp-json\/wp\/v2\/media\/47693"}],"wp:attachment":[{"href":"https:\/\/www.vempele.fi\/sv\/wp-json\/wp\/v2\/media?parent=47692"}],"wp:term":[{"taxonomy":"product_brand","embeddable":true,"href":"https:\/\/www.vempele.fi\/sv\/wp-json\/wp\/v2\/product_brand?post=47692"},{"taxonomy":"product_cat","embeddable":true,"href":"https:\/\/www.vempele.fi\/sv\/wp-json\/wp\/v2\/product_cat?post=47692"},{"taxonomy":"product_tag","embeddable":true,"href":"https:\/\/www.vempele.fi\/sv\/wp-json\/wp\/v2\/product_tag?post=47692"}],"curies":[{"name":"wp","href":"https:\/\/api.w.org\/{rel}","templated":true}]}}