{"id":5966,"date":"2020-08-18T14:47:41","date_gmt":"2020-08-18T11:47:41","guid":{"rendered":"https:\/\/www.vempele.fi\/?post_type=product&#038;p=5966"},"modified":"2026-03-27T15:56:20","modified_gmt":"2026-03-27T13:56:20","slug":"tesla-modell-3-vevhus","status":"publish","type":"product","link":"https:\/\/www.vempele.fi\/sv\/tuote\/tesla-model-3-kuralapat\/","title":{"rendered":"Genv\u00e4gar - Tesla Model 3"},"content":{"rendered":"<p>Tesla Model 3 formade st\u00e4nksk\u00e4rmar. Paketet inneh\u00e5ller 4 delar (fram och bak p\u00e5 b\u00e5da sidor) och n\u00f6dv\u00e4ndiga monteringsnitar med stift.<\/p>\n<p><strong>Mer information<\/strong><\/p>\n<ul>\n<li>L\u00e4mplighet:\n<ul>\n<li>Model 3 Pre-Refresh vm. 2019 - 2021<\/li>\n<li>Modell 3 Uppdatering vm. 2021 - 2023<\/li>\n<\/ul>\n<\/li>\n<li>Material: ABS-plast<\/li>\n<li>F\u00e4rg: Svart<\/li>\n<li>Ing\u00e5r i paketet:\n<ul>\n<li>4 x vevhandtag, komplett upps\u00e4ttning<\/li>\n<li>9 x f\u00e4stnitar med stift<\/li>\n<li>8 x metallskruvar<\/li>\n<\/ul>\n<\/li>\n<\/ul>","protected":false},"excerpt":{"rendered":"<p>Paketet inneh\u00e5ller 4 stycken gasreglage avsedda f\u00f6r Tesla Model 3, fram och bak.<\/p>\n<p>Du kan anv\u00e4nda de befintliga plastinsatserna f\u00f6r innerh\u00f6ljet eller de f\u00e4stskruvar som medf\u00f6ljer f\u00f6rpackningen. Denna modell beh\u00f6ver inte borras separat i innerfodret, utan endast de befintliga h\u00e5len anv\u00e4nds.<\/p>\n<p>Vi rekommenderar <a href=\"https:\/\/www.vempele.fi\/sv\/product-2\/rocktejp-5cm-eller-10cm-x-100cm\/\">PPF-remsor<\/a> anv\u00e4ndning f\u00f6r att skydda bilens lack och dubbelh\u00e4ftande tejp f\u00f6r att hj\u00e4lpa till att f\u00e4sta flikarna (ing\u00e5r ej).<\/p>","protected":false},"featured_media":44812,"comment_status":"open","ping_status":"closed","template":"","meta":[],"product_brand":[],"product_cat":[151,452,481,128],"product_tag":[83,270,121,120],"class_list":{"0":"post-5966","1":"product","2":"type-product","3":"status-publish","4":"has-post-thumbnail","6":"product_cat-model-3","7":"product_cat-m3-tarvikkeet","8":"product_cat-tarvikkeet-ulkopuolelle-model-3","9":"product_cat-tesla-tuotteet","10":"product_tag-autotarvikkeet","11":"product_tag-kuralapat","12":"product_tag-tesla","13":"product_tag-tesla-model-3","15":"first","16":"outofstock","17":"taxable","18":"shipping-taxable","19":"purchasable","20":"product-type-simple"},"jetpack_sharing_enabled":true,"_links":{"self":[{"href":"https:\/\/www.vempele.fi\/sv\/wp-json\/wp\/v2\/product\/5966","targetHints":{"allow":["GET"]}}],"collection":[{"href":"https:\/\/www.vempele.fi\/sv\/wp-json\/wp\/v2\/product"}],"about":[{"href":"https:\/\/www.vempele.fi\/sv\/wp-json\/wp\/v2\/types\/product"}],"replies":[{"embeddable":true,"href":"https:\/\/www.vempele.fi\/sv\/wp-json\/wp\/v2\/comments?post=5966"}],"wp:featuredmedia":[{"embeddable":true,"href":"https:\/\/www.vempele.fi\/sv\/wp-json\/wp\/v2\/media\/44812"}],"wp:attachment":[{"href":"https:\/\/www.vempele.fi\/sv\/wp-json\/wp\/v2\/media?parent=5966"}],"wp:term":[{"taxonomy":"product_brand","embeddable":true,"href":"https:\/\/www.vempele.fi\/sv\/wp-json\/wp\/v2\/product_brand?post=5966"},{"taxonomy":"product_cat","embeddable":true,"href":"https:\/\/www.vempele.fi\/sv\/wp-json\/wp\/v2\/product_cat?post=5966"},{"taxonomy":"product_tag","embeddable":true,"href":"https:\/\/www.vempele.fi\/sv\/wp-json\/wp\/v2\/product_tag?post=5966"}],"curies":[{"name":"wp","href":"https:\/\/api.w.org\/{rel}","templated":true}]}}