{"id":6081,"date":"2020-10-12T12:29:29","date_gmt":"2020-10-12T09:29:29","guid":{"rendered":"https:\/\/www.vempele.fi\/?post_type=product&#038;p=6081"},"modified":"2026-04-14T12:53:56","modified_gmt":"2026-04-14T09:53:56","slug":"fastnit-med-stift","status":"publish","type":"product","link":"https:\/\/www.vempele.fi\/sv\/tuote\/kiinnitysniitti-nastalla\/","title":{"rendered":"F\u00e4stnit med stift"},"content":{"rendered":"<p><strong>Installationsguide:<\/strong><\/p>\n<p>Tryck in stiftet i nitens h\u00e5l. Stiften expanderar nitens spets och l\u00e5ser den ordentligt p\u00e5 plats. Observera! V\u00e5r nya version av produkten \u00e4r st\u00f6rre \u00e4n sin f\u00f6reg\u00e5ngare och kan kr\u00e4va anv\u00e4ndning av ett hj\u00e4lpmedel vid fasts\u00e4ttning. Se till att niten \u00e4r rak. Om den trycks in med kraft i en vinkel \u00e4r den ben\u00e4gen att g\u00e5 s\u00f6nder.<\/p>\n<p>F\u00f6r att ta bort skruven fr\u00e5n niten, f\u00f6r in t.ex. en mejsel i nitens urtag och lyft skruven.<\/p>\n<p><strong>Information om produkten<\/strong><\/p>\n<p>F\u00e4rg: svart<br \/>\nMaterial: plast<br \/>\nL\u00e4mplig h\u00e5lstorlek: 8 mm<br \/>\nSkruvhuvudets diameter: 14 mm<br \/>\nSkruvl\u00e4ngd: 18 mm<br \/>\nDiameter f\u00f6r nitposition: 19 mm<br \/>\nNitarnas l\u00e4ngd: 23 mm<br \/>\nTotal l\u00e4ngd: 24 mm<\/p>","protected":false},"excerpt":{"rendered":"<p>2.0 \u00e4r st\u00f6rre \u00e4n sin f\u00f6reg\u00e5ngare, s\u00e5 att du kan anv\u00e4nda den f\u00f6r att s\u00e4kra dina vevstakar p\u00e5 ett s\u00e4krare s\u00e4tt. Installationen och borttagningen \u00e4r fortfarande enkel.<\/p>\n<p>Kompatibilitet med t.ex:<\/p>\n<ul>\n<li>Tesla Model 3 \/ Y \/ X \/ S<\/li>\n<li>VW Transporter, Caravelle &amp; T6 Multivan<\/li>\n<\/ul>","protected":false},"featured_media":10950,"comment_status":"open","ping_status":"closed","template":"","meta":[],"product_brand":[],"product_cat":[151,152,153,154,452,453,454,455,481,484,486,483,128],"product_tag":[343,459,366,270,367,121,120,122],"class_list":{"0":"post-6081","1":"product","2":"type-product","3":"status-publish","4":"has-post-thumbnail","6":"product_cat-model-3","7":"product_cat-model-s","8":"product_cat-model-x","9":"product_cat-model-y","10":"product_cat-m3-tarvikkeet","11":"product_cat-ms-tarvikkeet","12":"product_cat-mx-tarvikkeet","13":"product_cat-my-tarvikkeet","14":"product_cat-tarvikkeet-ulkopuolelle-model-3","15":"product_cat-tarvikkeet-ulkopuolelle-model-s","16":"product_cat-tarvikkeet-ulkopuolelle-model-x","17":"product_cat-tarvikkeet-ulkopuolelle-model-y","18":"product_cat-tesla-tuotteet","19":"product_tag-kiinnitysniitti","20":"product_tag-kiinnitysniitti-nastalla","21":"product_tag-kiinnitysniitti-ruuvilla","22":"product_tag-kuralapat","23":"product_tag-ruuvi","24":"product_tag-tesla","25":"product_tag-tesla-model-3","26":"product_tag-tesla-model-s","28":"first","29":"instock","30":"taxable","31":"shipping-taxable","32":"purchasable","33":"product-type-simple"},"jetpack_sharing_enabled":true,"_links":{"self":[{"href":"https:\/\/www.vempele.fi\/sv\/wp-json\/wp\/v2\/product\/6081","targetHints":{"allow":["GET"]}}],"collection":[{"href":"https:\/\/www.vempele.fi\/sv\/wp-json\/wp\/v2\/product"}],"about":[{"href":"https:\/\/www.vempele.fi\/sv\/wp-json\/wp\/v2\/types\/product"}],"replies":[{"embeddable":true,"href":"https:\/\/www.vempele.fi\/sv\/wp-json\/wp\/v2\/comments?post=6081"}],"wp:featuredmedia":[{"embeddable":true,"href":"https:\/\/www.vempele.fi\/sv\/wp-json\/wp\/v2\/media\/10950"}],"wp:attachment":[{"href":"https:\/\/www.vempele.fi\/sv\/wp-json\/wp\/v2\/media?parent=6081"}],"wp:term":[{"taxonomy":"product_brand","embeddable":true,"href":"https:\/\/www.vempele.fi\/sv\/wp-json\/wp\/v2\/product_brand?post=6081"},{"taxonomy":"product_cat","embeddable":true,"href":"https:\/\/www.vempele.fi\/sv\/wp-json\/wp\/v2\/product_cat?post=6081"},{"taxonomy":"product_tag","embeddable":true,"href":"https:\/\/www.vempele.fi\/sv\/wp-json\/wp\/v2\/product_tag?post=6081"}],"curies":[{"name":"wp","href":"https:\/\/api.w.org\/{rel}","templated":true}]}}