{"id":6117,"date":"2021-07-20T14:00:55","date_gmt":"2021-07-20T11:00:55","guid":{"rendered":"https:\/\/www.vempele.fi\/?post_type=product&#038;p=6117"},"modified":"2026-04-15T12:32:48","modified_gmt":"2026-04-15T09:32:48","slug":"kopphallaradapter-tesla-model-3","status":"publish","type":"product","link":"https:\/\/www.vempele.fi\/sv\/tuote\/kupinpidike-adapteri-tesla-model-3\/","title":{"rendered":"Adapter f\u00f6r kopplingsh\u00e5llare - Tesla Model 3"},"content":{"rendered":"<p>Kopph\u00e5llaradapter f\u00f6r Tesla Model 3 - minskar kopph\u00e5llarens omkrets, vilket g\u00f6r att kopparna sitter b\u00e4ttre p\u00e5 plats!<\/p>\n<p><strong>Information om produkten<\/strong><\/p>\n<ul>\n<li>Produktnamn: Kopplingsh\u00e5llare Adapter<\/li>\n<li>L\u00e4mplighet:\n<ul>\n<li>Model 3 Pre-Refresh vm. 2019 - 2021<\/li>\n<\/ul>\n<\/li>\n<li>Paketet inneh\u00e5ller: 1 st Kupinhalterikke-adaptrar<\/li>\n<li>Yttre omkrets: 70,4 mm<\/li>\n<li>Cisternens omkrets: 67,3 mm<\/li>\n<li>H\u00f6jd: 59,4 mm<\/li>\n<li>Namn: Tesla Model 3 - Adapter f\u00f6r kopph\u00e5llare<\/li>\n<\/ul>","protected":false},"excerpt":{"rendered":"<p>Tesla Model 3 - Med kopph\u00e5llaradaptern kommer koppen inte att g\u00e5 s\u00f6nder! Minskar muggh\u00e5llarens omkrets till 67,3 mm. H\u00e5ller koppen uppr\u00e4tt i Teslas smidiga r\u00f6relser. Obs! F\u00f6rpackningen inneh\u00e5ller 1 st kopph\u00e5llaradapter.<\/p>","protected":false},"featured_media":7124,"comment_status":"open","ping_status":"closed","template":"","meta":[],"product_brand":[],"product_cat":[151,452,480,128],"product_tag":[83,121,120],"class_list":{"0":"post-6117","1":"product","2":"type-product","3":"status-publish","4":"has-post-thumbnail","6":"product_cat-model-3","7":"product_cat-m3-tarvikkeet","8":"product_cat-tarvikkeet-sisapuolelle-model-3","9":"product_cat-tesla-tuotteet","10":"product_tag-autotarvikkeet","11":"product_tag-tesla","12":"product_tag-tesla-model-3","14":"first","15":"instock","16":"taxable","17":"shipping-taxable","18":"purchasable","19":"product-type-simple"},"jetpack_sharing_enabled":true,"_links":{"self":[{"href":"https:\/\/www.vempele.fi\/sv\/wp-json\/wp\/v2\/product\/6117","targetHints":{"allow":["GET"]}}],"collection":[{"href":"https:\/\/www.vempele.fi\/sv\/wp-json\/wp\/v2\/product"}],"about":[{"href":"https:\/\/www.vempele.fi\/sv\/wp-json\/wp\/v2\/types\/product"}],"replies":[{"embeddable":true,"href":"https:\/\/www.vempele.fi\/sv\/wp-json\/wp\/v2\/comments?post=6117"}],"wp:featuredmedia":[{"embeddable":true,"href":"https:\/\/www.vempele.fi\/sv\/wp-json\/wp\/v2\/media\/7124"}],"wp:attachment":[{"href":"https:\/\/www.vempele.fi\/sv\/wp-json\/wp\/v2\/media?parent=6117"}],"wp:term":[{"taxonomy":"product_brand","embeddable":true,"href":"https:\/\/www.vempele.fi\/sv\/wp-json\/wp\/v2\/product_brand?post=6117"},{"taxonomy":"product_cat","embeddable":true,"href":"https:\/\/www.vempele.fi\/sv\/wp-json\/wp\/v2\/product_cat?post=6117"},{"taxonomy":"product_tag","embeddable":true,"href":"https:\/\/www.vempele.fi\/sv\/wp-json\/wp\/v2\/product_tag?post=6117"}],"curies":[{"name":"wp","href":"https:\/\/api.w.org\/{rel}","templated":true}]}}