{"id":6483,"date":"2021-04-13T10:30:51","date_gmt":"2021-04-13T07:30:51","guid":{"rendered":"https:\/\/www.vempele.fi\/?post_type=product&#038;p=6483"},"modified":"2026-04-15T22:06:52","modified_gmt":"2026-04-15T19:06:52","slug":"tesla-model-3-krokar-i-bagageutrymmet-for-shoppingkassar","status":"publish","type":"product","link":"https:\/\/www.vempele.fi\/sv\/tuote\/tesla-model-3-takakontin-kauppakassikoukut\/","title":{"rendered":"Krokar f\u00f6r v\u00e4skor i bagageutrymmet - Tesla Model 3"},"content":{"rendered":"<ul>\n<li>L\u00e4mplighet:\n<ul>\n<li>Model 3 Pre-Refresh vm. 2019 - 2021<\/li>\n<li>Modell 3 Uppdatering vm. 2021 - 2023<\/li>\n<li>Modell 3 H\u00f6glandet vm 2023 -&gt;<\/li>\n<\/ul>\n<\/li>\n<li>Montering: skruvas fast p\u00e5 bulten l\u00e4ngst upp p\u00e5 bagageutrymmet<\/li>\n<li>Material: plast<\/li>\n<li>F\u00e4rg: svart<\/li>\n<li>Storlek: ca 70 x 70 x 45 mm<\/li>\n<li>F\u00f6rpackningens inneh\u00e5ll: 1 x krok<\/li>\n<\/ul>","protected":false},"excerpt":{"rendered":"<p>Med dessa praktiska h\u00e4ngare kan du h\u00e4nga dina matkassar och andra p\u00e5sar p\u00e5 plats i din Teslas bagageutrymme. Dessa krokar \u00e4r bra f\u00f6r att h\u00e4nga upp shopping \u00e4ven p\u00e5 en resa till stugan, s\u00e5 att flaskor inte lossnar i b\u00f6jarna fr\u00e5n p\u00e5sarna som faller fritt.<\/p>\n<p>En ny Tesla-\u00e4gare borde skaffa ett par av dessa till containern. Vi har ofta f\u00e5tt h\u00f6ra fr\u00e5n kunder \"varf\u00f6r \u00e4r inte dessa redan standard?\" &amp; \"de \u00e4r praktiska och billiga!\"<\/p>\n<p><strong>OBS!\u00a0<\/strong>Kontrollera l\u00e4mpligheten f\u00f6r ditt fordon innan du k\u00f6per.<\/p>","protected":false},"featured_media":6484,"comment_status":"open","ping_status":"closed","template":"","meta":[],"product_brand":[],"product_cat":[151,452,480,128],"product_tag":[83,544,545,546,156,121],"class_list":{"0":"post-6483","1":"product","2":"type-product","3":"status-publish","4":"has-post-thumbnail","6":"product_cat-model-3","7":"product_cat-m3-tarvikkeet","8":"product_cat-tarvikkeet-sisapuolelle-model-3","9":"product_cat-tesla-tuotteet","10":"product_tag-autotarvikkeet","11":"product_tag-kassikoukku","12":"product_tag-kauppakassi","13":"product_tag-koukut","14":"product_tag-model-3","15":"product_tag-tesla","17":"first","18":"instock","19":"taxable","20":"shipping-taxable","21":"purchasable","22":"product-type-simple"},"jetpack_sharing_enabled":true,"_links":{"self":[{"href":"https:\/\/www.vempele.fi\/sv\/wp-json\/wp\/v2\/product\/6483","targetHints":{"allow":["GET"]}}],"collection":[{"href":"https:\/\/www.vempele.fi\/sv\/wp-json\/wp\/v2\/product"}],"about":[{"href":"https:\/\/www.vempele.fi\/sv\/wp-json\/wp\/v2\/types\/product"}],"replies":[{"embeddable":true,"href":"https:\/\/www.vempele.fi\/sv\/wp-json\/wp\/v2\/comments?post=6483"}],"wp:featuredmedia":[{"embeddable":true,"href":"https:\/\/www.vempele.fi\/sv\/wp-json\/wp\/v2\/media\/6484"}],"wp:attachment":[{"href":"https:\/\/www.vempele.fi\/sv\/wp-json\/wp\/v2\/media?parent=6483"}],"wp:term":[{"taxonomy":"product_brand","embeddable":true,"href":"https:\/\/www.vempele.fi\/sv\/wp-json\/wp\/v2\/product_brand?post=6483"},{"taxonomy":"product_cat","embeddable":true,"href":"https:\/\/www.vempele.fi\/sv\/wp-json\/wp\/v2\/product_cat?post=6483"},{"taxonomy":"product_tag","embeddable":true,"href":"https:\/\/www.vempele.fi\/sv\/wp-json\/wp\/v2\/product_tag?post=6483"}],"curies":[{"name":"wp","href":"https:\/\/api.w.org\/{rel}","templated":true}]}}