{"id":6508,"date":"2021-04-14T10:06:59","date_gmt":"2021-04-14T07:06:59","guid":{"rendered":"https:\/\/www.vempele.fi\/?post_type=product&#038;p=6508"},"modified":"2026-04-12T14:38:11","modified_gmt":"2026-04-12T11:38:11","slug":"tesla-modell-3-bagageutrymme-eva-telemattor","status":"publish","type":"product","link":"https:\/\/www.vempele.fi\/sv\/tuote\/tesla-model-3-frunk-trunk-eva-kaukalomatot\/","title":{"rendered":"EVA-fj\u00e4rrkontroller f\u00f6r bagageutrymme - Tesla Model 3"},"content":{"rendered":"<p>Tesla Model 3 lastmattor i fr\u00e4mre och bakre bagageutrymmet.<\/p>\n<p>Mattalternativ att v\u00e4lja mellan:<\/p>\n<ul>\n<li>fr\u00e4mre l\u00e5dmatta (2021-&gt; fr\u00e4mre l\u00e5dmatta)<\/li>\n<li>Matta f\u00f6r bagageutrymme (Matta f\u00f6r bagageutrymme)<\/li>\n<li>en stor, helt\u00e4ckande bagageutrymmesmatta (Trunk Mat)<\/li>\n<\/ul>\n<p><b>Mer information<\/b><\/p>\n<ul>\n<li>Material: EVA-plast<\/li>\n<li>F\u00e4rg: svart<\/li>\n<\/ul>","protected":false},"excerpt":{"rendered":"<p>Slitstarka fj\u00e4rrmattor som skyddar din bil och \u00e4r l\u00e4tta att reng\u00f6ra. Val av mattor f\u00f6r fr\u00e4mre bagageutrymmet, bagageutrymmet och bagageutrymmets lilla f\u00f6rvaringsutrymme. Gjutna efter m\u00e5tten p\u00e5 Tesla Model 3. Kontrollera att de passar din bil innan du k\u00f6per.<\/p>\n<p>I paketet ing\u00e5r den matta som du v\u00e4ljer fr\u00e5n menyn nedan.<\/p>\n<p><strong>Kompatibilitet<\/strong><\/p>\n<ul>\n<li>F\u00f6rvaringsmattor f\u00f6r fr\u00e4mre bagageutrymmet och det lilla bagageutrymmet (Frunk &amp; Trunk Storage Mat): Tesla Model 3, modeller 2021 - 2023<\/li>\n<li>Stor bagagerumsmatta: Tesla Model 3, 2019 - 2023 modeller<\/li>\n<\/ul>","protected":false},"featured_media":9022,"comment_status":"open","ping_status":"closed","template":"","meta":[],"product_brand":[],"product_cat":[409,151,128],"product_tag":[83,503,304,156,555,121,554],"class_list":{"0":"post-6508","1":"product","2":"type-product","3":"status-publish","4":"has-post-thumbnail","6":"product_cat-matot-model-3","7":"product_cat-model-3","8":"product_cat-tesla-tuotteet","9":"product_tag-autotarvikkeet","10":"product_tag-frunk","11":"product_tag-kaukalomatto","12":"product_tag-model-3","13":"product_tag-storage","14":"product_tag-tesla","15":"product_tag-trunk","16":"product_shipping_class-nouto","18":"first","19":"instock","20":"taxable","21":"shipping-taxable","22":"purchasable","23":"product-type-variable"},"jetpack_sharing_enabled":true,"_links":{"self":[{"href":"https:\/\/www.vempele.fi\/sv\/wp-json\/wp\/v2\/product\/6508","targetHints":{"allow":["GET"]}}],"collection":[{"href":"https:\/\/www.vempele.fi\/sv\/wp-json\/wp\/v2\/product"}],"about":[{"href":"https:\/\/www.vempele.fi\/sv\/wp-json\/wp\/v2\/types\/product"}],"replies":[{"embeddable":true,"href":"https:\/\/www.vempele.fi\/sv\/wp-json\/wp\/v2\/comments?post=6508"}],"wp:featuredmedia":[{"embeddable":true,"href":"https:\/\/www.vempele.fi\/sv\/wp-json\/wp\/v2\/media\/9022"}],"wp:attachment":[{"href":"https:\/\/www.vempele.fi\/sv\/wp-json\/wp\/v2\/media?parent=6508"}],"wp:term":[{"taxonomy":"product_brand","embeddable":true,"href":"https:\/\/www.vempele.fi\/sv\/wp-json\/wp\/v2\/product_brand?post=6508"},{"taxonomy":"product_cat","embeddable":true,"href":"https:\/\/www.vempele.fi\/sv\/wp-json\/wp\/v2\/product_cat?post=6508"},{"taxonomy":"product_tag","embeddable":true,"href":"https:\/\/www.vempele.fi\/sv\/wp-json\/wp\/v2\/product_tag?post=6508"}],"curies":[{"name":"wp","href":"https:\/\/api.w.org\/{rel}","templated":true}]}}