{"id":6842,"date":"2021-05-19T10:08:15","date_gmt":"2021-05-19T07:08:15","guid":{"rendered":"https:\/\/www.vempele.fi\/?post_type=product&#038;p=6842"},"modified":"2026-02-05T10:46:03","modified_gmt":"2026-02-05T08:46:03","slug":"markreflekterande-dorrljus-tesla-for-modeller-3-y-s-x","status":"publish","type":"product","link":"https:\/\/www.vempele.fi\/sv\/tuote\/maahan-heijastuvat-ovivalot-tesla-malleille-3-y-s-x\/","title":{"rendered":"Markreflekterande d\u00f6rrljus - Tesla Model 3 \/ Y \/ S \/ X"},"content":{"rendered":"<p>LED-haloljus f\u00f6r spotlight p\u00e5 bild\u00f6rrar. F\u00f6rpackningen inneh\u00e5ller 2 lampor.<\/p>\n<ul>\n<li>Kompatibla bilmodeller:\n<ul>\n<li>Modell 3<\/li>\n<li>Modell S<\/li>\n<li>Modell X<\/li>\n<li>Modell Y 2020 - 2024<\/li>\n<\/ul>\n<\/li>\n<\/ul>\n<p>F\u00f6r vissa modeller kan det vara n\u00f6dv\u00e4ndigt att trimma h\u00e5lets kanter f\u00f6r att f\u00e5 plats med lampan.<\/p>","protected":false},"excerpt":{"rendered":"<p>Tesla Model 3\/Y\/S\/X d\u00f6rrbelysning reflekterad p\u00e5 marken.<\/p>\n<p>Med d\u00f6rrbelysning som reflekterar p\u00e5 marken kan du f\u00e5 en vardaglig uppgift som att \u00f6ppna en bild\u00f6rr att se spektakul\u00e4r ut! D\u00f6rrljuset reflekterar Tesla-logotypen mot marken n\u00e4r du \u00f6ppnar bild\u00f6rren. Lamporna g\u00f6r det ocks\u00e5 l\u00e4ttare att se p\u00f6lar och annat som man b\u00f6r undvika n\u00e4r man kliver ur bilen i m\u00f6rkret.<\/p>","protected":false},"featured_media":6844,"comment_status":"open","ping_status":"closed","template":"","meta":[],"product_brand":[],"product_cat":[151,152,153,154,452,453,454,455,481,484,486,483,128],"product_tag":[404,121,120,122,123,203],"class_list":{"0":"post-6842","1":"product","2":"type-product","3":"status-publish","4":"has-post-thumbnail","6":"product_cat-model-3","7":"product_cat-model-s","8":"product_cat-model-x","9":"product_cat-model-y","10":"product_cat-m3-tarvikkeet","11":"product_cat-ms-tarvikkeet","12":"product_cat-mx-tarvikkeet","13":"product_cat-my-tarvikkeet","14":"product_cat-tarvikkeet-ulkopuolelle-model-3","15":"product_cat-tarvikkeet-ulkopuolelle-model-s","16":"product_cat-tarvikkeet-ulkopuolelle-model-x","17":"product_cat-tarvikkeet-ulkopuolelle-model-y","18":"product_cat-tesla-tuotteet","19":"product_tag-ovivalot","20":"product_tag-tesla","21":"product_tag-tesla-model-3","22":"product_tag-tesla-model-s","23":"product_tag-tesla-model-x","24":"product_tag-tesla-model-y","26":"first","27":"outofstock","28":"taxable","29":"shipping-taxable","30":"purchasable","31":"product-type-simple"},"jetpack_sharing_enabled":true,"_links":{"self":[{"href":"https:\/\/www.vempele.fi\/sv\/wp-json\/wp\/v2\/product\/6842","targetHints":{"allow":["GET"]}}],"collection":[{"href":"https:\/\/www.vempele.fi\/sv\/wp-json\/wp\/v2\/product"}],"about":[{"href":"https:\/\/www.vempele.fi\/sv\/wp-json\/wp\/v2\/types\/product"}],"replies":[{"embeddable":true,"href":"https:\/\/www.vempele.fi\/sv\/wp-json\/wp\/v2\/comments?post=6842"}],"wp:featuredmedia":[{"embeddable":true,"href":"https:\/\/www.vempele.fi\/sv\/wp-json\/wp\/v2\/media\/6844"}],"wp:attachment":[{"href":"https:\/\/www.vempele.fi\/sv\/wp-json\/wp\/v2\/media?parent=6842"}],"wp:term":[{"taxonomy":"product_brand","embeddable":true,"href":"https:\/\/www.vempele.fi\/sv\/wp-json\/wp\/v2\/product_brand?post=6842"},{"taxonomy":"product_cat","embeddable":true,"href":"https:\/\/www.vempele.fi\/sv\/wp-json\/wp\/v2\/product_cat?post=6842"},{"taxonomy":"product_tag","embeddable":true,"href":"https:\/\/www.vempele.fi\/sv\/wp-json\/wp\/v2\/product_tag?post=6842"}],"curies":[{"name":"wp","href":"https:\/\/api.w.org\/{rel}","templated":true}]}}