{"id":7145,"date":"2021-07-22T12:30:19","date_gmt":"2021-07-22T09:30:19","guid":{"rendered":"https:\/\/www.vempele.fi\/?post_type=product&#038;p=7145"},"modified":"2025-07-25T16:10:31","modified_gmt":"2025-07-25T13:10:31","slug":"tesla-model-3-solskydd-for-takfonster","status":"publish","type":"product","link":"https:\/\/www.vempele.fi\/sv\/tuote\/tesla-model-3-kattoikkunoiden-aurinkosuojat\/","title":{"rendered":"Solskydd f\u00f6r takf\u00f6nster - Tesla Model 3"},"content":{"rendered":"<p>L\u00e4tt att installera - clipsen g\u00e5r bakom bilkl\u00e4dseln och h\u00e5ller skyddet p\u00e5 plats.<\/p>\n<p><b>Mer information<\/b><\/p>\n<ul>\n<li>L\u00e4mplighet: f\u00f6r Tesla Model 3\n<ul>\n<li>\u00c5rliga modeller fram till 2020<\/li>\n<li>\u00c5rsmodeller fr\u00e5n 2021 och fram\u00e5t, inklusive Highland<\/li>\n<\/ul>\n<\/li>\n<li>I f\u00f6rpackningen:\n<ul>\n<li>2 x solskydd (ett framtill och ett baktill)<\/li>\n<li>F\u00e4stkl\u00e4mmor<\/li>\n<\/ul>\n<\/li>\n<li>F\u00e4rg: svart<\/li>\n<li>M\u00e5tt p\u00e5 f\u00f6rpackningen: 70 x 48 x 6 cm<\/li>\n<li>F\u00f6rpackningens vikt: 0,95 kg<\/li>\n<\/ul>","protected":false},"excerpt":{"rendered":"<p>Solskydden p\u00e5 takf\u00f6nstren p\u00e5 Tesla Model 3 skyddar mot bl\u00e4ndning och \u00f6kar k\u00f6rkomforten.<\/p>\n<p>Kontrollera modell\u00e5ret p\u00e5 din bil innan du k\u00f6per. Solskydd tillg\u00e4ngliga f\u00f6r Model 3-modeller fram till 2020 och fr\u00e5n 2021 och fram\u00e5t.<\/p>\n<p>F\u00f6rpackningen inneh\u00e5ller tv\u00e5 solskyddsmedel, ett p\u00e5 framsidan och ett p\u00e5 baksidan.<\/p>","protected":false},"featured_media":7141,"comment_status":"open","ping_status":"closed","template":"","meta":[],"product_brand":[],"product_cat":[151,452,480,128],"product_tag":[198,121,120],"class_list":{"0":"post-7145","1":"product","2":"type-product","3":"status-publish","4":"has-post-thumbnail","6":"product_cat-model-3","7":"product_cat-m3-tarvikkeet","8":"product_cat-tarvikkeet-sisapuolelle-model-3","9":"product_cat-tesla-tuotteet","10":"product_tag-aurinkosuoja","11":"product_tag-tesla","12":"product_tag-tesla-model-3","14":"first","15":"outofstock","16":"taxable","17":"shipping-taxable","18":"purchasable","19":"product-type-variable"},"jetpack_sharing_enabled":true,"_links":{"self":[{"href":"https:\/\/www.vempele.fi\/sv\/wp-json\/wp\/v2\/product\/7145","targetHints":{"allow":["GET"]}}],"collection":[{"href":"https:\/\/www.vempele.fi\/sv\/wp-json\/wp\/v2\/product"}],"about":[{"href":"https:\/\/www.vempele.fi\/sv\/wp-json\/wp\/v2\/types\/product"}],"replies":[{"embeddable":true,"href":"https:\/\/www.vempele.fi\/sv\/wp-json\/wp\/v2\/comments?post=7145"}],"wp:featuredmedia":[{"embeddable":true,"href":"https:\/\/www.vempele.fi\/sv\/wp-json\/wp\/v2\/media\/7141"}],"wp:attachment":[{"href":"https:\/\/www.vempele.fi\/sv\/wp-json\/wp\/v2\/media?parent=7145"}],"wp:term":[{"taxonomy":"product_brand","embeddable":true,"href":"https:\/\/www.vempele.fi\/sv\/wp-json\/wp\/v2\/product_brand?post=7145"},{"taxonomy":"product_cat","embeddable":true,"href":"https:\/\/www.vempele.fi\/sv\/wp-json\/wp\/v2\/product_cat?post=7145"},{"taxonomy":"product_tag","embeddable":true,"href":"https:\/\/www.vempele.fi\/sv\/wp-json\/wp\/v2\/product_tag?post=7145"}],"curies":[{"name":"wp","href":"https:\/\/api.w.org\/{rel}","templated":true}]}}