{"id":7410,"date":"2021-08-10T13:54:15","date_gmt":"2021-08-10T10:54:15","guid":{"rendered":"https:\/\/www.vempele.fi\/?post_type=product&#038;p=7410"},"modified":"2025-11-30T18:39:30","modified_gmt":"2025-11-30T16:39:30","slug":"tesla-kepsar","status":"publish","type":"product","link":"https:\/\/www.vempele.fi\/sv\/tuote\/tesla-lippalakit\/","title":{"rendered":"Tesla - Lippalakit"},"content":{"rendered":"<p>Teslak\u00e5por i en m\u00e4ngd olika f\u00e4rger:<\/p>\n<ul>\n<li>F\u00e4rger:\n<ul>\n<li>Vit<\/li>\n<li>Svart<\/li>\n<li>R\u00f6d<\/li>\n<\/ul>\n<\/li>\n<li>M\u00e5tt: ~ 30 x 20 x 15 cm<\/li>\n<li>Vikt: 0,10 kg<\/li>\n<\/ul>","protected":false},"excerpt":{"rendered":"<p>Keps med Tesla-text, flera f\u00e4rger!<\/p>\n<p>Obs! Endast kepsar med kepsstorlekar f\u00f6r vuxna finns tillg\u00e4ngliga.<\/p>\n<p>En f\u00f6rnyad modell.<\/p>","protected":false},"featured_media":0,"comment_status":"open","ping_status":"closed","template":"","meta":[],"product_brand":[],"product_cat":[457,128],"product_tag":[210,209,691,121],"class_list":{"0":"post-7410","1":"product","2":"type-product","3":"status-publish","5":"product_cat-pukeutuminen","6":"product_cat-tesla-tuotteet","7":"product_tag-lippalakit","8":"product_tag-lippalakki","9":"product_tag-lippis","10":"product_tag-tesla","12":"first","13":"instock","14":"taxable","15":"shipping-taxable","16":"product-type-variable"},"jetpack_sharing_enabled":true,"_links":{"self":[{"href":"https:\/\/www.vempele.fi\/sv\/wp-json\/wp\/v2\/product\/7410","targetHints":{"allow":["GET"]}}],"collection":[{"href":"https:\/\/www.vempele.fi\/sv\/wp-json\/wp\/v2\/product"}],"about":[{"href":"https:\/\/www.vempele.fi\/sv\/wp-json\/wp\/v2\/types\/product"}],"replies":[{"embeddable":true,"href":"https:\/\/www.vempele.fi\/sv\/wp-json\/wp\/v2\/comments?post=7410"}],"wp:attachment":[{"href":"https:\/\/www.vempele.fi\/sv\/wp-json\/wp\/v2\/media?parent=7410"}],"wp:term":[{"taxonomy":"product_brand","embeddable":true,"href":"https:\/\/www.vempele.fi\/sv\/wp-json\/wp\/v2\/product_brand?post=7410"},{"taxonomy":"product_cat","embeddable":true,"href":"https:\/\/www.vempele.fi\/sv\/wp-json\/wp\/v2\/product_cat?post=7410"},{"taxonomy":"product_tag","embeddable":true,"href":"https:\/\/www.vempele.fi\/sv\/wp-json\/wp\/v2\/product_tag?post=7410"}],"curies":[{"name":"wp","href":"https:\/\/api.w.org\/{rel}","templated":true}]}}