{"id":7965,"date":"2021-09-30T08:46:50","date_gmt":"2021-09-30T05:46:50","guid":{"rendered":"https:\/\/www.vempele.fi\/?post_type=product&#038;p=7965"},"modified":"2025-12-23T07:55:03","modified_gmt":"2025-12-23T05:55:03","slug":"tesla-model-3-framre-dorr-nedre-fjadrar","status":"publish","type":"product","link":"https:\/\/www.vempele.fi\/sv\/tuote\/tesla-model-3-etuluukun-jaykemmat-jousitukset\/","title":{"rendered":"Styvare fj\u00e4drar till ytterd\u00f6rren - Tesla Model 3"},"content":{"rendered":"<p>Tesla Model 3 - styvare fj\u00e4drar i framd\u00f6rren.<\/p>\n<ul>\n<li>F\u00e4rg: svart<\/li>\n<li>L\u00e4mplighet:\n<ul>\n<li>Model 3 Pre-Refresh vm. 2019 - 2021<\/li>\n<li>Modell 3 Uppdatering vm. 2021 - 2023<\/li>\n<li>Modell 3 Highland vm. 2023 -&gt;<\/li>\n<\/ul>\n<\/li>\n<li>Paketet inneh\u00e5ller: 2 x fj\u00e4drar<\/li>\n<li>F\u00f6rpackningens vikt: 0,50 kg<\/li>\n<li>F\u00f6rpackningens m\u00e5tt: 50 x 10 x 5 cm<\/li>\n<\/ul>","protected":false},"excerpt":{"rendered":"<p>Styvare fr\u00e4mre fj\u00e4dring f\u00f6r Tesla Model 3. Dessa g\u00f6r att du kan \u00f6ppna den fr\u00e4mre luckan hela v\u00e4gen upp n\u00e4r du trycker p\u00e5 \u00f6ppningsknappen. Obs! P\u00e5 grund av fj\u00e4drarna kr\u00e4vs det lite mer kraft f\u00f6r att f\u00e4sta fj\u00e4drarna \u00e4n med originalpumparna.<\/p>\n<p>Observera att fj\u00e4dern \u00e4r standard. Den kanske inte fungerar i alla situationer, t.ex. om det ligger sn\u00f6 p\u00e5 frontluckan eller om gasfj\u00e4dern har stelnat p\u00e5 grund av kyla\/frost. Om du vill att den automatiska \u00f6ppnaren ska fungera i alla situationer rekommenderar vi att du skaffar en motoriserad \u00f6ppnare.<\/p>","protected":false},"featured_media":7966,"comment_status":"open","ping_status":"closed","template":"","meta":[],"product_brand":[],"product_cat":[151,452,480,128],"product_tag":[236,199,121,120],"class_list":{"0":"post-7965","1":"product","2":"type-product","3":"status-publish","4":"has-post-thumbnail","6":"product_cat-model-3","7":"product_cat-m3-tarvikkeet","8":"product_cat-tarvikkeet-sisapuolelle-model-3","9":"product_cat-tesla-tuotteet","10":"product_tag-etuluukku","11":"product_tag-jouset","12":"product_tag-tesla","13":"product_tag-tesla-model-3","15":"first","16":"instock","17":"taxable","18":"shipping-taxable","19":"purchasable","20":"product-type-simple"},"jetpack_sharing_enabled":true,"_links":{"self":[{"href":"https:\/\/www.vempele.fi\/sv\/wp-json\/wp\/v2\/product\/7965","targetHints":{"allow":["GET"]}}],"collection":[{"href":"https:\/\/www.vempele.fi\/sv\/wp-json\/wp\/v2\/product"}],"about":[{"href":"https:\/\/www.vempele.fi\/sv\/wp-json\/wp\/v2\/types\/product"}],"replies":[{"embeddable":true,"href":"https:\/\/www.vempele.fi\/sv\/wp-json\/wp\/v2\/comments?post=7965"}],"wp:featuredmedia":[{"embeddable":true,"href":"https:\/\/www.vempele.fi\/sv\/wp-json\/wp\/v2\/media\/7966"}],"wp:attachment":[{"href":"https:\/\/www.vempele.fi\/sv\/wp-json\/wp\/v2\/media?parent=7965"}],"wp:term":[{"taxonomy":"product_brand","embeddable":true,"href":"https:\/\/www.vempele.fi\/sv\/wp-json\/wp\/v2\/product_brand?post=7965"},{"taxonomy":"product_cat","embeddable":true,"href":"https:\/\/www.vempele.fi\/sv\/wp-json\/wp\/v2\/product_cat?post=7965"},{"taxonomy":"product_tag","embeddable":true,"href":"https:\/\/www.vempele.fi\/sv\/wp-json\/wp\/v2\/product_tag?post=7965"}],"curies":[{"name":"wp","href":"https:\/\/api.w.org\/{rel}","templated":true}]}}