{"id":8241,"date":"2021-10-28T12:24:11","date_gmt":"2021-10-28T09:24:11","guid":{"rendered":"https:\/\/www.vempele.fi\/?post_type=product&#038;p=8241"},"modified":"2026-04-15T18:20:53","modified_gmt":"2026-04-15T15:20:53","slug":"tesla-modell-3-y-prestanda-pedaler","status":"publish","type":"product","link":"https:\/\/www.vempele.fi\/sv\/tuote\/tesla-model-3-y-performance-polkimet\/","title":{"rendered":"Prestanda pedaler - Tesla Model 3 \/ Y"},"content":{"rendered":"<p>Prestanda pedaler - Tesla Model 3 \/ Y<\/p>\n<ul>\n<li>Material: aluminium, gummi<\/li>\n<li>L\u00e4mplighet:\n<ul>\n<li>Modell Y 2020 - 2024<\/li>\n<li>Modell Y Juniper 2025 -&gt;<\/li>\n<li>Model 3 Pre-Refresh vm. 2019 - 2021<\/li>\n<li>Modell 3 Uppdatering vm. 2021 - 2023<\/li>\n<li>Modell 3 H\u00f6glandet vm 2023 -&gt;<\/li>\n<\/ul>\n<\/li>\n<li>F\u00e4rg: Silver, svarta gummir\u00e4nder<\/li>\n<li>F\u00f6rpackningens storlek: 16 x 9 x 4 cm<\/li>\n<li>I f\u00f6rpackningen: bromspedal och gaspedal<\/li>\n<li>Vikt: ~200 g<\/li>\n<\/ul>","protected":false},"excerpt":{"rendered":"<p>Prestanda pedaler - Tesla Model 3 \/ Y<\/p>\n<p>Tesla Model 3\/Y - Performance-pedaler f\u00f6r broms och gas f\u00f6r att f\u00f6rb\u00e4ttra k\u00f6rprestanda och f\u00f6rhindra sladd. Performance-pedalerna sitter mycket t\u00e4tt, men efter n\u00e5gra slag sitter de stadigt p\u00e5 plats. K\u00e4nns bekv\u00e4ma under skorna n\u00e4r du k\u00f6r.<\/p>","protected":false},"featured_media":12219,"comment_status":"open","ping_status":"closed","template":"","meta":[],"product_brand":[],"product_cat":[151,154,452,455,480,482,128],"product_tag":[255,83,254,253,256,156,271,121],"class_list":{"0":"post-8241","1":"product","2":"type-product","3":"status-publish","4":"has-post-thumbnail","6":"product_cat-model-3","7":"product_cat-model-y","8":"product_cat-m3-tarvikkeet","9":"product_cat-my-tarvikkeet","10":"product_cat-tarvikkeet-sisapuolelle-model-3","11":"product_cat-tarvikkeet-sisapuolelle-model-y","12":"product_cat-tesla-tuotteet","13":"product_tag-anti-slip","14":"product_tag-autotarvikkeet","15":"product_tag-jarrupoljin","16":"product_tag-kaasupoljin","17":"product_tag-liukumisesto","18":"product_tag-model-3","19":"product_tag-model-y","20":"product_tag-tesla","22":"first","23":"instock","24":"taxable","25":"shipping-taxable","26":"purchasable","27":"product-type-simple"},"jetpack_sharing_enabled":true,"_links":{"self":[{"href":"https:\/\/www.vempele.fi\/sv\/wp-json\/wp\/v2\/product\/8241","targetHints":{"allow":["GET"]}}],"collection":[{"href":"https:\/\/www.vempele.fi\/sv\/wp-json\/wp\/v2\/product"}],"about":[{"href":"https:\/\/www.vempele.fi\/sv\/wp-json\/wp\/v2\/types\/product"}],"replies":[{"embeddable":true,"href":"https:\/\/www.vempele.fi\/sv\/wp-json\/wp\/v2\/comments?post=8241"}],"wp:featuredmedia":[{"embeddable":true,"href":"https:\/\/www.vempele.fi\/sv\/wp-json\/wp\/v2\/media\/12219"}],"wp:attachment":[{"href":"https:\/\/www.vempele.fi\/sv\/wp-json\/wp\/v2\/media?parent=8241"}],"wp:term":[{"taxonomy":"product_brand","embeddable":true,"href":"https:\/\/www.vempele.fi\/sv\/wp-json\/wp\/v2\/product_brand?post=8241"},{"taxonomy":"product_cat","embeddable":true,"href":"https:\/\/www.vempele.fi\/sv\/wp-json\/wp\/v2\/product_cat?post=8241"},{"taxonomy":"product_tag","embeddable":true,"href":"https:\/\/www.vempele.fi\/sv\/wp-json\/wp\/v2\/product_tag?post=8241"}],"curies":[{"name":"wp","href":"https:\/\/api.w.org\/{rel}","templated":true}]}}