{"id":8297,"date":"2021-11-05T08:13:39","date_gmt":"2021-11-05T06:13:39","guid":{"rendered":"https:\/\/www.vempele.fi\/?post_type=product&#038;p=8297"},"modified":"2026-04-18T19:20:57","modified_gmt":"2026-04-18T16:20:57","slug":"tesla-mutterskydd-21-mm","status":"publish","type":"product","link":"https:\/\/www.vempele.fi\/sv\/tuote\/tesla-mutterin-suojat-21-mm\/","title":{"rendered":"Mutterskydd 21 mm"},"content":{"rendered":"<p>Mutterskydd 21 mm<\/p>\n<p>Mutterskydd \u00e4r ocks\u00e5 l\u00e4mpliga f\u00f6r bilar med bultar.<\/p>\n<p>Kontrollera kompatibilitet med muttrar\/bultar innan du best\u00e4ller. I v\u00e5rt sortiment ing\u00e5r \u00e4ven <a href=\"https:\/\/www.vempele.fi\/sv\/product-2\/tesla-mutterinsuojat-19mm\/\" target=\"_blank\" rel=\"noopener\">19 mm sk\u00f6ldar<\/a>.<\/p>\n<p>Obs! F\u00e4lgcentrumkopparna s\u00e4ljs som separata produkter:<\/p>\n<ul>\n<li><a href=\"https:\/\/www.vempele.fi\/sv\/product-2\/tesla-vanteen-keskikupit-4kpl\/\" target=\"_blank\" rel=\"noopener\">F\u00e4lgcentrumkoppar - svart med silverf\u00e4rgad logotyp<\/a><\/li>\n<li><a href=\"https:\/\/www.vempele.fi\/sv\/product-2\/tesla-svarta-medium-koppar-med-vit-logotyp\/\" target=\"_blank\" rel=\"noopener\">F\u00e4lgcentrumkoppar - svart med vit logotyp<\/a><\/li>\n<li><a href=\"https:\/\/www.vempele.fi\/sv\/product-2\/tesla-vanteen-keskikupit-harmaat-hopeisella-logolla-4kpl\/\" target=\"_blank\" rel=\"noopener\">F\u00e4lgcentrumkoppar - gr\u00e5 med silverf\u00e4rgad logotyp<\/a><\/li>\n<li><a href=\"https:\/\/www.vempele.fi\/sv\/product-2\/tesla-falgcentrumkoppar-rod-4st\/\" target=\"_blank\" rel=\"noopener\">F\u00e4lgcentrumkoppar - metallicr\u00f6d med silverf\u00e4rgad logotyp<\/a><\/li>\n<\/ul>\n<ul>\n<li>Paketet inneh\u00e5ller: 20 mutterhylsor och ett verktyg f\u00f6r borttagning av mutterhylsor<\/li>\n<li>F\u00e4rger: silver (glansig), gr\u00e5, matt svart och glansig svart<\/li>\n<li>M\u00e5tt: 16 x 14 x 2,5 cm<\/li>\n<li>Vikt: ~100 g<\/li>\n<\/ul>","protected":false},"excerpt":{"rendered":"<p>21 mm mutterskydd i olika f\u00e4rger:<\/p>\n<ul>\n<li>Silver<\/li>\n<li>Gr\u00e5<\/li>\n<li>Matt svart<\/li>\n<li>Gl\u00e4nsande svart<\/li>\n<\/ul>\n<p>Kontrollera kompatibilitet med muttrar\/bultar innan du best\u00e4ller. I v\u00e5rt sortiment ing\u00e5r \u00e4ven <a href=\"https:\/\/www.vempele.fi\/sv\/product-2\/tesla-mutterinsuojat-19mm\/\" target=\"_blank\" rel=\"noopener\">19 mm sk\u00f6ldar<\/a>.<\/p>","protected":false},"featured_media":8303,"comment_status":"open","ping_status":"closed","template":"","meta":[],"product_brand":[],"product_cat":[151,152,153,154,452,453,454,455,481,484,486,483,128,456],"product_tag":[83,542,341,345,257,541,121],"class_list":{"0":"post-8297","1":"product","2":"type-product","3":"status-publish","4":"has-post-thumbnail","6":"product_cat-model-3","7":"product_cat-model-s","8":"product_cat-model-x","9":"product_cat-model-y","10":"product_cat-m3-tarvikkeet","11":"product_cat-ms-tarvikkeet","12":"product_cat-mx-tarvikkeet","13":"product_cat-my-tarvikkeet","14":"product_cat-tarvikkeet-ulkopuolelle-model-3","15":"product_cat-tarvikkeet-ulkopuolelle-model-s","16":"product_cat-tarvikkeet-ulkopuolelle-model-x","17":"product_cat-tarvikkeet-ulkopuolelle-model-y","18":"product_cat-tesla-tuotteet","19":"product_cat-vannetarvikkeet","20":"product_tag-autotarvikkeet","21":"product_tag-model","22":"product_tag-mutteri","23":"product_tag-mutterinsuoja","24":"product_tag-pultinsuoja","25":"product_tag-pultti","26":"product_tag-tesla","28":"first","29":"instock","30":"taxable","31":"shipping-taxable","32":"purchasable","33":"product-type-variable"},"jetpack_sharing_enabled":true,"_links":{"self":[{"href":"https:\/\/www.vempele.fi\/sv\/wp-json\/wp\/v2\/product\/8297","targetHints":{"allow":["GET"]}}],"collection":[{"href":"https:\/\/www.vempele.fi\/sv\/wp-json\/wp\/v2\/product"}],"about":[{"href":"https:\/\/www.vempele.fi\/sv\/wp-json\/wp\/v2\/types\/product"}],"replies":[{"embeddable":true,"href":"https:\/\/www.vempele.fi\/sv\/wp-json\/wp\/v2\/comments?post=8297"}],"wp:featuredmedia":[{"embeddable":true,"href":"https:\/\/www.vempele.fi\/sv\/wp-json\/wp\/v2\/media\/8303"}],"wp:attachment":[{"href":"https:\/\/www.vempele.fi\/sv\/wp-json\/wp\/v2\/media?parent=8297"}],"wp:term":[{"taxonomy":"product_brand","embeddable":true,"href":"https:\/\/www.vempele.fi\/sv\/wp-json\/wp\/v2\/product_brand?post=8297"},{"taxonomy":"product_cat","embeddable":true,"href":"https:\/\/www.vempele.fi\/sv\/wp-json\/wp\/v2\/product_cat?post=8297"},{"taxonomy":"product_tag","embeddable":true,"href":"https:\/\/www.vempele.fi\/sv\/wp-json\/wp\/v2\/product_tag?post=8297"}],"curies":[{"name":"wp","href":"https:\/\/api.w.org\/{rel}","templated":true}]}}