{"id":8323,"date":"2021-11-09T11:28:24","date_gmt":"2021-11-09T09:28:24","guid":{"rendered":"https:\/\/www.vempele.fi\/?post_type=product&#038;p=8323"},"modified":"2026-04-19T10:05:31","modified_gmt":"2026-04-19T07:05:31","slug":"tesla-mossa","status":"publish","type":"product","link":"https:\/\/www.vempele.fi\/sv\/tuote\/tesla-pipo\/","title":{"rendered":"Tesla - Pipo"},"content":{"rendered":"<p>M\u00f6ssa med Tesla-logotyp f\u00f6r vinterbruk!<\/p>\n<ul>\n<li>M\u00e5tt: ~ 22 x 20 x 3 cm<\/li>\n<li>Vikt: strax under 100g<\/li>\n<li>F\u00e4rg: Svart, med vit Tesla-logotyp<\/li>\n<li>Namn: Tesla Beanie<\/li>\n<\/ul>","protected":false},"excerpt":{"rendered":"<p>Vinterm\u00f6ssa med Tesla-logotyp! Svart m\u00f6ssa med vit logotyp! Varje bilists hemliga och varma dr\u00f6m. Genom att b\u00e4ra denna m\u00f6ssa, p\u00e5 vintern och varf\u00f6r inte p\u00e5 sommaren, kommer du att kunna s\u00e4ga vilket lag du tillh\u00f6r.<\/p>","protected":false},"featured_media":26012,"comment_status":"open","ping_status":"closed","template":"","meta":[],"product_brand":[],"product_cat":[457,128],"product_tag":[83,211,259,260,121],"class_list":{"0":"post-8323","1":"product","2":"type-product","3":"status-publish","4":"has-post-thumbnail","6":"product_cat-pukeutuminen","7":"product_cat-tesla-tuotteet","8":"product_tag-autotarvikkeet","9":"product_tag-logo","10":"product_tag-pipo","11":"product_tag-talvipipo","12":"product_tag-tesla","14":"first","15":"instock","16":"taxable","17":"shipping-taxable","18":"purchasable","19":"product-type-simple"},"jetpack_sharing_enabled":true,"_links":{"self":[{"href":"https:\/\/www.vempele.fi\/sv\/wp-json\/wp\/v2\/product\/8323","targetHints":{"allow":["GET"]}}],"collection":[{"href":"https:\/\/www.vempele.fi\/sv\/wp-json\/wp\/v2\/product"}],"about":[{"href":"https:\/\/www.vempele.fi\/sv\/wp-json\/wp\/v2\/types\/product"}],"replies":[{"embeddable":true,"href":"https:\/\/www.vempele.fi\/sv\/wp-json\/wp\/v2\/comments?post=8323"}],"wp:featuredmedia":[{"embeddable":true,"href":"https:\/\/www.vempele.fi\/sv\/wp-json\/wp\/v2\/media\/26012"}],"wp:attachment":[{"href":"https:\/\/www.vempele.fi\/sv\/wp-json\/wp\/v2\/media?parent=8323"}],"wp:term":[{"taxonomy":"product_brand","embeddable":true,"href":"https:\/\/www.vempele.fi\/sv\/wp-json\/wp\/v2\/product_brand?post=8323"},{"taxonomy":"product_cat","embeddable":true,"href":"https:\/\/www.vempele.fi\/sv\/wp-json\/wp\/v2\/product_cat?post=8323"},{"taxonomy":"product_tag","embeddable":true,"href":"https:\/\/www.vempele.fi\/sv\/wp-json\/wp\/v2\/product_tag?post=8323"}],"curies":[{"name":"wp","href":"https:\/\/api.w.org\/{rel}","templated":true}]}}