{"id":8549,"date":"2023-09-15T11:19:13","date_gmt":"2023-09-15T08:19:13","guid":{"rendered":"https:\/\/www.vempele.fi\/?post_type=product&#038;p=8549"},"modified":"2026-04-16T10:16:46","modified_gmt":"2026-04-16T07:16:46","slug":"tesla-modell-y-vevhus","status":"publish","type":"product","link":"https:\/\/www.vempele.fi\/sv\/tuote\/tesla-model-y-kuralapat\/","title":{"rendered":"Blinkers - Tesla Model Y"},"content":{"rendered":"<p>Halsskydd utformade f\u00f6r Tesla Model Y. Paketet inneh\u00e5ller 4 delar (fram och bak p\u00e5 b\u00e5da sidor) och n\u00f6dv\u00e4ndiga monteringsnitar med stift.<\/p>\n<p>PPF-remsor beh\u00f6vs inte f\u00f6r modell Y-vevflikar, eftersom fliken inte tr\u00e4ffar lackytan. Dubbelh\u00e4ftande tejp kan anv\u00e4ndas f\u00f6r att f\u00f6rst\u00e4rka f\u00e4stet, men det \u00e4r inte obligatoriskt att anv\u00e4nda.<\/p>\n<p><strong>Mer information<\/strong><\/p>\n<ul>\n<li>L\u00e4mplighet:\n<ul>\n<li>Modell Y 2020 - 2024<\/li>\n<\/ul>\n<\/li>\n<li>Material: ABS-plast<\/li>\n<li>F\u00e4rg: svart<\/li>\n<li>Ing\u00e5r i paketet:\n<ul>\n<li>4 x gasspj\u00e4llsventil, komplett upps\u00e4ttning<\/li>\n<li>Behov av reparationer kr\u00e4vs<\/li>\n<li>Prikat, verktyg<\/li>\n<li>Anvisningar f\u00f6r montering fram och bak<\/li>\n<\/ul>\n<\/li>\n<\/ul>","protected":false},"excerpt":{"rendered":"<p>Paketet inneh\u00e5ller 4 stycken Tesla Model Y-formade spj\u00e4llhus, fram och bak, med egna monteringsdetaljer.<\/p>\n<p>Befintliga plastinsatser f\u00f6r innerh\u00f6ljet kan anv\u00e4ndas f\u00f6r installationen. Ytterligare plastpackningar ing\u00e5r, eftersom originalpackningarna l\u00e4tt g\u00e5r s\u00f6nder n\u00e4r de tas bort. Denna modell beh\u00f6ver inte specialborras in i innerh\u00f6ljet, utan endast de befintliga h\u00e5len anv\u00e4nds.<\/p>","protected":false},"featured_media":22692,"comment_status":"open","ping_status":"closed","template":"","meta":[],"product_brand":[],"product_cat":[154,455,483,128],"product_tag":[83,270,121,203],"class_list":{"0":"post-8549","1":"product","2":"type-product","3":"status-publish","4":"has-post-thumbnail","6":"product_cat-model-y","7":"product_cat-my-tarvikkeet","8":"product_cat-tarvikkeet-ulkopuolelle-model-y","9":"product_cat-tesla-tuotteet","10":"product_tag-autotarvikkeet","11":"product_tag-kuralapat","12":"product_tag-tesla","13":"product_tag-tesla-model-y","15":"first","16":"instock","17":"taxable","18":"shipping-taxable","19":"purchasable","20":"product-type-simple"},"jetpack_sharing_enabled":true,"_links":{"self":[{"href":"https:\/\/www.vempele.fi\/sv\/wp-json\/wp\/v2\/product\/8549","targetHints":{"allow":["GET"]}}],"collection":[{"href":"https:\/\/www.vempele.fi\/sv\/wp-json\/wp\/v2\/product"}],"about":[{"href":"https:\/\/www.vempele.fi\/sv\/wp-json\/wp\/v2\/types\/product"}],"replies":[{"embeddable":true,"href":"https:\/\/www.vempele.fi\/sv\/wp-json\/wp\/v2\/comments?post=8549"}],"wp:featuredmedia":[{"embeddable":true,"href":"https:\/\/www.vempele.fi\/sv\/wp-json\/wp\/v2\/media\/22692"}],"wp:attachment":[{"href":"https:\/\/www.vempele.fi\/sv\/wp-json\/wp\/v2\/media?parent=8549"}],"wp:term":[{"taxonomy":"product_brand","embeddable":true,"href":"https:\/\/www.vempele.fi\/sv\/wp-json\/wp\/v2\/product_brand?post=8549"},{"taxonomy":"product_cat","embeddable":true,"href":"https:\/\/www.vempele.fi\/sv\/wp-json\/wp\/v2\/product_cat?post=8549"},{"taxonomy":"product_tag","embeddable":true,"href":"https:\/\/www.vempele.fi\/sv\/wp-json\/wp\/v2\/product_tag?post=8549"}],"curies":[{"name":"wp","href":"https:\/\/api.w.org\/{rel}","templated":true}]}}