{"id":8915,"date":"2022-01-17T14:57:39","date_gmt":"2022-01-17T12:57:39","guid":{"rendered":"https:\/\/www.vempele.fi\/?post_type=product&#038;p=8915"},"modified":"2026-04-18T10:15:09","modified_gmt":"2026-04-18T07:15:09","slug":"tesla-gra-medium-koppar-med-silverlogotyp","status":"publish","type":"product","link":"https:\/\/www.vempele.fi\/sv\/tuote\/tesla-harmaat-keskikupit-hopeisella-logolla\/","title":{"rendered":"Tesla - Gr\u00e5 kantkoppar med silverlogotyp (4 st)"},"content":{"rendered":"<p>F\u00e4lgcentrumkoppar, 4 st<\/p>\n<ul>\n<li>Kompatibilitet: Tesla Model 3\/S\/X\/Y\n<ul>\n<li>Inte l\u00e4mplig f\u00f6r Photon-f\u00e4lg! Ers\u00e4ttningsprodukt kan hittas <a href=\"https:\/\/www.vempele.fi\/sv\/product-2\/falgcentrumkapslar-till-modell-3-highland-photon-falgar\/\">h\u00e4r.<\/a><\/li>\n<\/ul>\n<\/li>\n<li>F\u00e4rg: gr\u00e5 bakgrund, logotyp i metallic<\/li>\n<li>Diameter: 56 mm<\/li>\n<li>M\u00e5tt: 19 x 14 x 2,5 cm (f\u00f6rpackning)<\/li>\n<li>Vikt: 70 g (f\u00f6rpackning)<\/li>\n<\/ul>\n<p>Obs! Ta bort den skyddande dekalen fr\u00e5n produkten f\u00f6re anv\u00e4ndning. F\u00e4rgen p\u00e5 dekalen kan variera beroende p\u00e5 batch (transparent eller m\u00f6nstrad).<\/p>","protected":false},"excerpt":{"rendered":"<p>F\u00e4lgcentrumkoppar nu till ett bra pris fr\u00e5n Vempe f\u00f6r Tesla 3, S, X och Y-modeller, exklusive Photon-f\u00e4lgen!<\/p>\n<p>F\u00f6rpackning med 4 gr\u00e5 mittmuggar med metalliclogotyp.<\/p>","protected":false},"featured_media":8916,"comment_status":"open","ping_status":"closed","template":"","meta":[],"product_brand":[],"product_cat":[151,152,153,154,452,453,454,455,481,484,486,483,128,456],"product_tag":[83,383,221,121,120],"class_list":{"0":"post-8915","1":"product","2":"type-product","3":"status-publish","4":"has-post-thumbnail","6":"product_cat-model-3","7":"product_cat-model-s","8":"product_cat-model-x","9":"product_cat-model-y","10":"product_cat-m3-tarvikkeet","11":"product_cat-ms-tarvikkeet","12":"product_cat-mx-tarvikkeet","13":"product_cat-my-tarvikkeet","14":"product_cat-tarvikkeet-ulkopuolelle-model-3","15":"product_cat-tarvikkeet-ulkopuolelle-model-s","16":"product_cat-tarvikkeet-ulkopuolelle-model-x","17":"product_cat-tarvikkeet-ulkopuolelle-model-y","18":"product_cat-tesla-tuotteet","19":"product_cat-vannetarvikkeet","20":"product_tag-autotarvikkeet","21":"product_tag-keskikupit","22":"product_tag-keskiokupit","23":"product_tag-tesla","24":"product_tag-tesla-model-3","26":"first","27":"instock","28":"taxable","29":"shipping-taxable","30":"purchasable","31":"product-type-simple"},"jetpack_sharing_enabled":true,"_links":{"self":[{"href":"https:\/\/www.vempele.fi\/sv\/wp-json\/wp\/v2\/product\/8915","targetHints":{"allow":["GET"]}}],"collection":[{"href":"https:\/\/www.vempele.fi\/sv\/wp-json\/wp\/v2\/product"}],"about":[{"href":"https:\/\/www.vempele.fi\/sv\/wp-json\/wp\/v2\/types\/product"}],"replies":[{"embeddable":true,"href":"https:\/\/www.vempele.fi\/sv\/wp-json\/wp\/v2\/comments?post=8915"}],"wp:featuredmedia":[{"embeddable":true,"href":"https:\/\/www.vempele.fi\/sv\/wp-json\/wp\/v2\/media\/8916"}],"wp:attachment":[{"href":"https:\/\/www.vempele.fi\/sv\/wp-json\/wp\/v2\/media?parent=8915"}],"wp:term":[{"taxonomy":"product_brand","embeddable":true,"href":"https:\/\/www.vempele.fi\/sv\/wp-json\/wp\/v2\/product_brand?post=8915"},{"taxonomy":"product_cat","embeddable":true,"href":"https:\/\/www.vempele.fi\/sv\/wp-json\/wp\/v2\/product_cat?post=8915"},{"taxonomy":"product_tag","embeddable":true,"href":"https:\/\/www.vempele.fi\/sv\/wp-json\/wp\/v2\/product_tag?post=8915"}],"curies":[{"name":"wp","href":"https:\/\/api.w.org\/{rel}","templated":true}]}}