{"id":9023,"date":"2022-01-25T11:21:25","date_gmt":"2022-01-25T09:21:25","guid":{"rendered":"https:\/\/www.vempele.fi\/?post_type=product&#038;p=9023"},"modified":"2026-04-21T10:17:42","modified_gmt":"2026-04-21T07:17:42","slug":"tesla-modell-y-fjarrkontroller-for-bagageutrymmet","status":"publish","type":"product","link":"https:\/\/www.vempele.fi\/sv\/tuote\/tesla-model-y-frunk-trunk-kaukalomatot\/","title":{"rendered":"EVA-fj\u00e4rrkontroller f\u00f6r bagageutrymme - Tesla Model Y"},"content":{"rendered":"<p>Tesla Model Y fj\u00e4rrkontroller i fr\u00e4mre och bakre bagageutrymmet.<\/p>\n<p>Mattalternativ att v\u00e4lja mellan:<\/p>\n<ul>\n<li>Frontboxmatta (2025 Frontboxmatta)\n<ul>\n<li>L\u00e4mplighet:\n<ul>\n<li>Tesla modell Y 2025 -<\/li>\n<\/ul>\n<\/li>\n<\/ul>\n<\/li>\n<li>Matta f\u00f6r fr\u00e4mre l\u00e5dan (Matta f\u00f6r fr\u00e4mre l\u00e5dan)\n<ul>\n<li>L\u00e4mplighet:\n<ul>\n<li>Tesla Model Y 2020 - 2024<\/li>\n<\/ul>\n<\/li>\n<\/ul>\n<\/li>\n<li>Liten f\u00f6rvaringsmatta f\u00f6r bagageutrymmet (Trunk Storage Mat)\n<ul>\n<li>L\u00e4mplighet:\n<ul>\n<li>Tesla Mode Y 2020 - 2024<\/li>\n<li>Tesla Model Y 2024-&gt; (Juniper)<\/li>\n<\/ul>\n<\/li>\n<\/ul>\n<\/li>\n<li>Stor, helt\u00e4ckande bagagerumsmatta (Trunk Mat)\n<ul>\n<li>L\u00e4mplighet:\n<ul>\n<li>Tesla Model Y 2020 - 2024<\/li>\n<li>Tesla Model Y 2024-&gt; (Juniper)<\/li>\n<\/ul>\n<\/li>\n<\/ul>\n<\/li>\n<\/ul>\n<p><b>Mer information<\/b><\/p>\n<p>Material: EVA-plast<br \/>\nF\u00e4rg: Svart<\/p>","protected":false},"excerpt":{"rendered":"<p>Vagnmattor av riktigt h\u00f6g kvalitet f\u00f6r bilf\u00f6rvaring. Mattorna passar perfekt i Tesla Model Y.<\/p>\n<p>Om du har bl\u00f6ta laddningsaccessoarer och t.ex. bl\u00f6ta eller leriga skor\/kl\u00e4der i bilens bagageutrymme \u00e4r en trolley-matta ett klokt k\u00f6p. Vattenresistenta mattor h\u00e5ller lera och vatten borta. Och de \u00e4r mycket l\u00e4ttare att reng\u00f6ra och torka \u00e4n bilens egen kl\u00e4dsel.<\/p>\n<p>Den stora bagagerumsmattan har en vikning som g\u00f6r det l\u00e4tt att komma \u00e5t det lilla tillbeh\u00f6rsfacket i bagagerummet.<\/p>\n<p>Mattans ytbehandling kan skilja sig n\u00e5got fr\u00e5n bilden beroende p\u00e5 mattans parti.<\/p>\n<p>I paketet ing\u00e5r den matta som du v\u00e4ljer fr\u00e5n menyn nedan.<\/p>","protected":false},"featured_media":9028,"comment_status":"open","ping_status":"closed","template":"","meta":[],"product_brand":[],"product_cat":[408,154,128],"product_tag":[83,503,513,562,553,271,121,554],"class_list":{"0":"post-9023","1":"product","2":"type-product","3":"status-publish","4":"has-post-thumbnail","6":"product_cat-matot-model-y","7":"product_cat-model-y","8":"product_cat-tesla-tuotteet","9":"product_tag-autotarvikkeet","10":"product_tag-frunk","11":"product_tag-kaukalomatot","12":"product_tag-kumimatot","13":"product_tag-kuramatot","14":"product_tag-model-y","15":"product_tag-tesla","16":"product_tag-trunk","17":"product_shipping_class-nouto","19":"first","20":"instock","21":"taxable","22":"shipping-taxable","23":"purchasable","24":"product-type-variable","25":"has-default-attributes"},"jetpack_sharing_enabled":true,"_links":{"self":[{"href":"https:\/\/www.vempele.fi\/sv\/wp-json\/wp\/v2\/product\/9023","targetHints":{"allow":["GET"]}}],"collection":[{"href":"https:\/\/www.vempele.fi\/sv\/wp-json\/wp\/v2\/product"}],"about":[{"href":"https:\/\/www.vempele.fi\/sv\/wp-json\/wp\/v2\/types\/product"}],"replies":[{"embeddable":true,"href":"https:\/\/www.vempele.fi\/sv\/wp-json\/wp\/v2\/comments?post=9023"}],"wp:featuredmedia":[{"embeddable":true,"href":"https:\/\/www.vempele.fi\/sv\/wp-json\/wp\/v2\/media\/9028"}],"wp:attachment":[{"href":"https:\/\/www.vempele.fi\/sv\/wp-json\/wp\/v2\/media?parent=9023"}],"wp:term":[{"taxonomy":"product_brand","embeddable":true,"href":"https:\/\/www.vempele.fi\/sv\/wp-json\/wp\/v2\/product_brand?post=9023"},{"taxonomy":"product_cat","embeddable":true,"href":"https:\/\/www.vempele.fi\/sv\/wp-json\/wp\/v2\/product_cat?post=9023"},{"taxonomy":"product_tag","embeddable":true,"href":"https:\/\/www.vempele.fi\/sv\/wp-json\/wp\/v2\/product_tag?post=9023"}],"curies":[{"name":"wp","href":"https:\/\/api.w.org\/{rel}","templated":true}]}}