{"id":9034,"date":"2022-01-25T12:27:53","date_gmt":"2022-01-25T10:27:53","guid":{"rendered":"https:\/\/www.vempele.fi\/?post_type=product&#038;p=9034"},"modified":"2026-04-13T14:54:41","modified_gmt":"2026-04-13T11:54:41","slug":"tesla-modell-3-eva-fjarrkontroller","status":"publish","type":"product","link":"https:\/\/www.vempele.fi\/sv\/tuote\/tesla-model-3-eva-kaukalomatot\/","title":{"rendered":"EVA v\u00e4xell\u00e5dor - Tesla Model 3"},"content":{"rendered":"<p>Slitstarkt EVA-\u00f6verdrag f\u00f6r Tesla Model 3.<\/p>\n<p>Paketet inneh\u00e5ller tre l\u00e5ngdistansmattor:<br \/>\n1 x f\u00f6r f\u00f6raren<br \/>\n1 x repsikalle<br \/>\n1 x enkel matta p\u00e5 baksidan<\/p>\n<p><b>Ytterligare information:<\/b><\/p>\n<ul>\n<li>Material: EVA-plast<\/li>\n<li>F\u00e4rg: svart<\/li>\n<li>Vikt: 4,3 kg<\/li>\n<\/ul>","protected":false},"excerpt":{"rendered":"<p>EVA-mattor f\u00f6r alla fem s\u00e4tena i fotutrymmet p\u00e5 Tesla Model 3. Dessa fj\u00e4rrstyrda mattor \u00e4r tillverkade av robust EVA-plast och \u00e4r en riktigt snygg l\u00f6sning f\u00f6r Finlands vinterkyla och frystemperaturer. De fj\u00e4rrstyrda mattorna g\u00f6r det enkelt att h\u00e4lla sm\u00e4ltvatten fr\u00e5n skorna f\u00f6r att samla upp fukt. EVA-mattorna \u00e4r ocks\u00e5 en av Vempeles mest popul\u00e4ra mattor f\u00f6r kunderna. Golvmattorna \u00e4r exakt formade efter bilen, s\u00e5 att de passar perfekt och kastas p\u00e5 plats.<\/p>\n<p>Mattorna \u00e4r l\u00e4tta att reng\u00f6ra fr\u00e5n smuts, \u00e4ven under kranen och med en borste, eftersom de \u00e4r mycket motst\u00e5ndskraftiga mot tv\u00e4tt.<\/p>\n<p><strong>Passar \u00e4ven f\u00f6r Highland!<\/strong><\/p>\n<p>Notera den mer detaljerade m\u00f6nsterstrukturen p\u00e5 mattorna i den sista produktbilden.<\/p>","protected":false},"featured_media":9035,"comment_status":"open","ping_status":"closed","template":"","meta":[],"product_brand":[],"product_cat":[409,151,128],"product_tag":[83,206,513,553,156,121],"class_list":{"0":"post-9034","1":"product","2":"type-product","3":"status-publish","4":"has-post-thumbnail","6":"product_cat-matot-model-3","7":"product_cat-model-3","8":"product_cat-tesla-tuotteet","9":"product_tag-autotarvikkeet","10":"product_tag-eva","11":"product_tag-kaukalomatot","12":"product_tag-kuramatot","13":"product_tag-model-3","14":"product_tag-tesla","16":"first","17":"instock","18":"taxable","19":"shipping-taxable","20":"purchasable","21":"product-type-simple"},"jetpack_sharing_enabled":true,"_links":{"self":[{"href":"https:\/\/www.vempele.fi\/sv\/wp-json\/wp\/v2\/product\/9034","targetHints":{"allow":["GET"]}}],"collection":[{"href":"https:\/\/www.vempele.fi\/sv\/wp-json\/wp\/v2\/product"}],"about":[{"href":"https:\/\/www.vempele.fi\/sv\/wp-json\/wp\/v2\/types\/product"}],"replies":[{"embeddable":true,"href":"https:\/\/www.vempele.fi\/sv\/wp-json\/wp\/v2\/comments?post=9034"}],"wp:featuredmedia":[{"embeddable":true,"href":"https:\/\/www.vempele.fi\/sv\/wp-json\/wp\/v2\/media\/9035"}],"wp:attachment":[{"href":"https:\/\/www.vempele.fi\/sv\/wp-json\/wp\/v2\/media?parent=9034"}],"wp:term":[{"taxonomy":"product_brand","embeddable":true,"href":"https:\/\/www.vempele.fi\/sv\/wp-json\/wp\/v2\/product_brand?post=9034"},{"taxonomy":"product_cat","embeddable":true,"href":"https:\/\/www.vempele.fi\/sv\/wp-json\/wp\/v2\/product_cat?post=9034"},{"taxonomy":"product_tag","embeddable":true,"href":"https:\/\/www.vempele.fi\/sv\/wp-json\/wp\/v2\/product_tag?post=9034"}],"curies":[{"name":"wp","href":"https:\/\/api.w.org\/{rel}","templated":true}]}}