{"id":9040,"date":"2022-01-25T12:52:53","date_gmt":"2022-01-25T10:52:53","guid":{"rendered":"https:\/\/www.vempele.fi\/?post_type=product&#038;p=9040"},"modified":"2026-04-18T23:46:02","modified_gmt":"2026-04-18T20:46:02","slug":"tesla-model-y-eva-telematics","status":"publish","type":"product","link":"https:\/\/www.vempele.fi\/sv\/tuote\/tesla-model-y-eva-kaukalomatot\/","title":{"rendered":"EVA-mattor f\u00f6r fj\u00e4rrkontroll - Tesla Model Y"},"content":{"rendered":"<p>Slitstarka vagnsmattor av EVA-plast <a href=\"https:\/\/www.vempele.fi\/sv\/produktkategori\/tesla-produkter\/modell-y\/\" target=\"_blank\" rel=\"noopener\">Tesla Model Y<\/a>f\u00f6r.<\/p>\n<p>Tre mattor i f\u00f6rpackningen:<br \/>\n1 x f\u00f6r f\u00f6raren<br \/>\n1 x repsikalle<br \/>\n1x enkel matta p\u00e5 baks\u00e4tets golv<\/p>\n<p><b>Ytterligare information:<\/b><\/p>\n<ul>\n<li>Material: EVA-plast<\/li>\n<li>F\u00e4rg: svart<\/li>\n<li>Storlekar:\n<ul>\n<li>Bil I: 1,23 kg; 76 x 57 x 22 cm<\/li>\n<li>Cubicle II: 1,25 kg; 73 x 57 x 22 cm<\/li>\n<li>Baks\u00e4te: 2,15 kg; 133 x 66 x 7 cm<\/li>\n<\/ul>\n<\/li>\n<li>L\u00e4mplighet:\n<ul>\n<li>Tesla Model Y 2020 - 2024<\/li>\n<li>Tesla Model Y 2024 -&gt; (Juniper)<\/li>\n<\/ul>\n<\/li>\n<\/ul>","protected":false},"excerpt":{"rendered":"<p>EVA l\u00f6stagbara mattor f\u00f6r benutrymmet f\u00f6r alla fem s\u00e4tena i Tesla Model Y. EVA \u00e4r en halvstyv cellplast med slutna celler. Dess f\u00f6rdelar \u00e4r flexibilitet, mjukhet, god v\u00e4derbest\u00e4ndighet och kemisk best\u00e4ndighet under olika v\u00e4derf\u00f6rh\u00e5llanden. Mattorna \u00e4r l\u00e4tta att reng\u00f6ra, \u00e4ven under kranen och med en l\u00e4tt borste - smuts och smuts lossnar l\u00e4tt fr\u00e5n plastytan. Precis som de andra mattorna i v\u00e5rt sortiment \u00e4r dessa mattor perfekt formanpassade, vilket inneb\u00e4r att de s\u00e4tts p\u00e5 plats med ett enkelt handgrepp. Tack vare de sm\u00e5 kanterna stannar sm\u00e4ltvattnet kvar p\u00e5 mattan och kan enkelt h\u00e4llas av vid behov.<\/p>\n<p>EVA-h\u00e4ngmattor \u00e4r det mest popul\u00e4ra k\u00f6pet f\u00f6r v\u00e5ra kunder i Vempeles webbutik.<\/p>\n<p>Obs! Beroende p\u00e5 varuparti kan mattornas ytm\u00f6nster och design skilja sig n\u00e5got fr\u00e5n produktbilden.<\/p>","protected":false},"featured_media":14335,"comment_status":"open","ping_status":"closed","template":"","meta":[],"product_brand":[],"product_cat":[408,154,128],"product_tag":[83,513,307,553,271,121],"class_list":{"0":"post-9040","1":"product","2":"type-product","3":"status-publish","4":"has-post-thumbnail","6":"product_cat-matot-model-y","7":"product_cat-model-y","8":"product_cat-tesla-tuotteet","9":"product_tag-autotarvikkeet","10":"product_tag-kaukalomatot","11":"product_tag-kumimatto","12":"product_tag-kuramatot","13":"product_tag-model-y","14":"product_tag-tesla","16":"first","17":"instock","18":"taxable","19":"shipping-taxable","20":"purchasable","21":"product-type-simple"},"jetpack_sharing_enabled":true,"_links":{"self":[{"href":"https:\/\/www.vempele.fi\/sv\/wp-json\/wp\/v2\/product\/9040","targetHints":{"allow":["GET"]}}],"collection":[{"href":"https:\/\/www.vempele.fi\/sv\/wp-json\/wp\/v2\/product"}],"about":[{"href":"https:\/\/www.vempele.fi\/sv\/wp-json\/wp\/v2\/types\/product"}],"replies":[{"embeddable":true,"href":"https:\/\/www.vempele.fi\/sv\/wp-json\/wp\/v2\/comments?post=9040"}],"wp:featuredmedia":[{"embeddable":true,"href":"https:\/\/www.vempele.fi\/sv\/wp-json\/wp\/v2\/media\/14335"}],"wp:attachment":[{"href":"https:\/\/www.vempele.fi\/sv\/wp-json\/wp\/v2\/media?parent=9040"}],"wp:term":[{"taxonomy":"product_brand","embeddable":true,"href":"https:\/\/www.vempele.fi\/sv\/wp-json\/wp\/v2\/product_brand?post=9040"},{"taxonomy":"product_cat","embeddable":true,"href":"https:\/\/www.vempele.fi\/sv\/wp-json\/wp\/v2\/product_cat?post=9040"},{"taxonomy":"product_tag","embeddable":true,"href":"https:\/\/www.vempele.fi\/sv\/wp-json\/wp\/v2\/product_tag?post=9040"}],"curies":[{"name":"wp","href":"https:\/\/api.w.org\/{rel}","templated":true}]}}