{"id":9116,"date":"2022-02-01T10:48:50","date_gmt":"2022-02-01T08:48:50","guid":{"rendered":"https:\/\/www.vempele.fi\/?post_type=product&#038;p=9116"},"modified":"2026-04-15T22:54:08","modified_gmt":"2026-04-15T19:54:08","slug":"tesla-roda-koppar-med-silverlogotyp","status":"publish","type":"product","link":"https:\/\/www.vempele.fi\/sv\/tuote\/tesla-punaiset-keskiokupit-hopeisella-logolla\/","title":{"rendered":"Tesla - R\u00f6da kantmuggar med silverlogotyp (4 st)"},"content":{"rendered":"<p>F\u00e4lgcentrumkoppar, 4 st<\/p>\n<ul>\n<li>Kompatibilitet: Tesla Model 3\/S\/X\/Y\n<ul>\n<li>Inte l\u00e4mplig f\u00f6r Photon-f\u00e4lg! Ers\u00e4ttningsprodukt kan hittas <a href=\"https:\/\/www.vempele.fi\/sv\/product-2\/falgcentrumkapslar-till-modell-3-highland-photon-falgar\/\">h\u00e4r.<\/a><\/li>\n<\/ul>\n<\/li>\n<li>F\u00e4rg: metallicr\u00f6d bakgrund, silverf\u00e4rgad logotyp<\/li>\n<li>Diameter: 56 mm<\/li>\n<li>M\u00e5tt: 19 x 14 x 2,5 cm (f\u00f6rpackning)<\/li>\n<li>Vikt: 70 g (f\u00f6rpackning)<\/li>\n<li>Namn: Metallr\u00f6da centerlock med silverf\u00e4rgad Tesla-logotyp (4 st)<\/li>\n<\/ul>\n<p>Obs! Ta bort skyddsdekalen fr\u00e5n produkten f\u00f6re anv\u00e4ndning.<\/p>","protected":false},"excerpt":{"rendered":"<p>Metallr\u00f6da mittkoppar p\u00e5 f\u00e4lgen med silverf\u00e4rgad Tesla-logotyp. Nu till ett bra pris fr\u00e5n Vempe f\u00f6r Tesla S \/ 3 \/ X \/ Y-modeller exklusive Photon-f\u00e4lgen.<br \/>\nF\u00f6rpackning med 4 metallicr\u00f6da mittmuggar med silverf\u00e4rgad logotyp.<\/p>\n<p>Om du vill kan du montera den p\u00e5 en l\u00e4mplig f\u00e4lg!<\/p>","protected":false},"featured_media":9118,"comment_status":"open","ping_status":"closed","template":"","meta":[],"product_brand":[],"product_cat":[151,152,153,154,481,484,486,483,128,456],"product_tag":[83,121,120],"class_list":{"0":"post-9116","1":"product","2":"type-product","3":"status-publish","4":"has-post-thumbnail","6":"product_cat-model-3","7":"product_cat-model-s","8":"product_cat-model-x","9":"product_cat-model-y","10":"product_cat-tarvikkeet-ulkopuolelle-model-3","11":"product_cat-tarvikkeet-ulkopuolelle-model-s","12":"product_cat-tarvikkeet-ulkopuolelle-model-x","13":"product_cat-tarvikkeet-ulkopuolelle-model-y","14":"product_cat-tesla-tuotteet","15":"product_cat-vannetarvikkeet","16":"product_tag-autotarvikkeet","17":"product_tag-tesla","18":"product_tag-tesla-model-3","20":"first","21":"instock","22":"taxable","23":"shipping-taxable","24":"purchasable","25":"product-type-simple"},"jetpack_sharing_enabled":true,"_links":{"self":[{"href":"https:\/\/www.vempele.fi\/sv\/wp-json\/wp\/v2\/product\/9116","targetHints":{"allow":["GET"]}}],"collection":[{"href":"https:\/\/www.vempele.fi\/sv\/wp-json\/wp\/v2\/product"}],"about":[{"href":"https:\/\/www.vempele.fi\/sv\/wp-json\/wp\/v2\/types\/product"}],"replies":[{"embeddable":true,"href":"https:\/\/www.vempele.fi\/sv\/wp-json\/wp\/v2\/comments?post=9116"}],"wp:featuredmedia":[{"embeddable":true,"href":"https:\/\/www.vempele.fi\/sv\/wp-json\/wp\/v2\/media\/9118"}],"wp:attachment":[{"href":"https:\/\/www.vempele.fi\/sv\/wp-json\/wp\/v2\/media?parent=9116"}],"wp:term":[{"taxonomy":"product_brand","embeddable":true,"href":"https:\/\/www.vempele.fi\/sv\/wp-json\/wp\/v2\/product_brand?post=9116"},{"taxonomy":"product_cat","embeddable":true,"href":"https:\/\/www.vempele.fi\/sv\/wp-json\/wp\/v2\/product_cat?post=9116"},{"taxonomy":"product_tag","embeddable":true,"href":"https:\/\/www.vempele.fi\/sv\/wp-json\/wp\/v2\/product_tag?post=9116"}],"curies":[{"name":"wp","href":"https:\/\/api.w.org\/{rel}","templated":true}]}}