{"id":9393,"date":"2022-02-18T13:34:33","date_gmt":"2022-02-18T11:34:33","guid":{"rendered":"https:\/\/www.vempele.fi\/tuote\/rengaspaine-anturi-autel-tpms-mx-433mhz-copy\/"},"modified":"2026-03-11T15:48:04","modified_gmt":"2026-03-11T13:48:04","slug":"dacktrycksgivare-tesla-tpms-ble-cub","status":"publish","type":"product","link":"https:\/\/www.vempele.fi\/sv\/tuote\/rengaspaine-anturi-tesla-tpms-ble-cub\/","title":{"rendered":"D\u00e4cktrycksgivare - Tesla BLE TPMS - CUB"},"content":{"rendered":"<p>Sensortillverkaren \u00e4r CUB, v\u00e4rldens st\u00f6rsta sensortillverkare. Chipet inuti \u00e4r tillverkat av Sysgration, vilket inneb\u00e4r att det \u00e4r exakt samma som i de sensorer du k\u00f6per fr\u00e5n Tesla.<\/p>\n<p>N\u00e4r de nya sensorerna \u00e4r p\u00e5 plats ska du v\u00e4lja alternativet f\u00e4lgbyte i programvaran. Bilen kommer d\u00e5 automatiskt att uppt\u00e4cka de nya sensorerna efter bara n\u00e5gra hundra meters k\u00f6rning.<\/p>\n<p>R\u00e4tt d\u00e4cktryck \u00f6kar s\u00e4kerheten p\u00e5 v\u00e4gen. Det f\u00f6rb\u00e4ttrar ocks\u00e5 k\u00f6rk\u00e4nslan och minskar slitaget.<\/p>\n<p>Information om produkten:<\/p>\n<ul>\n<li>F\u00e4rgalternativ: silver och svart<\/li>\n<li>Tillverkare: CUB (Siru Sysgration)<\/li>\n<li>Funktioner:Automatiskt system som aktivt \u00f6vervakar d\u00e4cktemperatur och lufttryck<\/li>\n<li>Teknik: Bluetooth LE<\/li>\n<li>L\u00e4mplighet:\n<ul>\n<li>Tesla modell 3: 10\/2020-&gt;<\/li>\n<li>Tesla Model S: 6\/2021-&gt;<\/li>\n<li>Tesla Model X: 10\/2022-&gt;<\/li>\n<li>Tesla modell Y: 10\/2020-&gt;<\/li>\n<\/ul>\n<\/li>\n<\/ul>\n<p>F\u00f6rpackningen inneh\u00e5ller en CUB Bluetooth ringtryckssensor.<\/p>","protected":false},"excerpt":{"rendered":"<p>D\u00e4cktrycksgivare med Bluetooth f\u00f6r Tesla Model 3 och Y-modeller fr\u00e5n 2021 och fram\u00e5t.<\/p>\n<p>F\u00f6rpackningen inneh\u00e5ller en sensor f\u00f6r ett d\u00e4ck.<\/p>\n<p>Vi har ocks\u00e5 en rad olika <a href=\"https:\/\/www.vempele.fi\/sv\/product-2\/dacktrycksgivare-tesla-ble-tpms-hamaton\/\">Svarta i Hamaton<\/a> Sensorer f\u00f6r d\u00e4cktryck.<\/p>","protected":false},"featured_media":9395,"comment_status":"open","ping_status":"closed","template":"","meta":[],"product_brand":[],"product_cat":[151,153,154,452,453,455,481,484,486,483,128,456],"product_tag":[83,328,327,121,120,122,123],"class_list":{"0":"post-9393","1":"product","2":"type-product","3":"status-publish","4":"has-post-thumbnail","6":"product_cat-model-3","7":"product_cat-model-x","8":"product_cat-model-y","9":"product_cat-m3-tarvikkeet","10":"product_cat-ms-tarvikkeet","11":"product_cat-my-tarvikkeet","12":"product_cat-tarvikkeet-ulkopuolelle-model-3","13":"product_cat-tarvikkeet-ulkopuolelle-model-s","14":"product_cat-tarvikkeet-ulkopuolelle-model-x","15":"product_cat-tarvikkeet-ulkopuolelle-model-y","16":"product_cat-tesla-tuotteet","17":"product_cat-vannetarvikkeet","18":"product_tag-autotarvikkeet","19":"product_tag-bluetooth-anturi","20":"product_tag-cub","21":"product_tag-tesla","22":"product_tag-tesla-model-3","23":"product_tag-tesla-model-s","24":"product_tag-tesla-model-x","26":"first","27":"outofstock","28":"taxable","29":"shipping-taxable","30":"purchasable","31":"product-type-variable"},"jetpack_sharing_enabled":true,"_links":{"self":[{"href":"https:\/\/www.vempele.fi\/sv\/wp-json\/wp\/v2\/product\/9393","targetHints":{"allow":["GET"]}}],"collection":[{"href":"https:\/\/www.vempele.fi\/sv\/wp-json\/wp\/v2\/product"}],"about":[{"href":"https:\/\/www.vempele.fi\/sv\/wp-json\/wp\/v2\/types\/product"}],"replies":[{"embeddable":true,"href":"https:\/\/www.vempele.fi\/sv\/wp-json\/wp\/v2\/comments?post=9393"}],"wp:featuredmedia":[{"embeddable":true,"href":"https:\/\/www.vempele.fi\/sv\/wp-json\/wp\/v2\/media\/9395"}],"wp:attachment":[{"href":"https:\/\/www.vempele.fi\/sv\/wp-json\/wp\/v2\/media?parent=9393"}],"wp:term":[{"taxonomy":"product_brand","embeddable":true,"href":"https:\/\/www.vempele.fi\/sv\/wp-json\/wp\/v2\/product_brand?post=9393"},{"taxonomy":"product_cat","embeddable":true,"href":"https:\/\/www.vempele.fi\/sv\/wp-json\/wp\/v2\/product_cat?post=9393"},{"taxonomy":"product_tag","embeddable":true,"href":"https:\/\/www.vempele.fi\/sv\/wp-json\/wp\/v2\/product_tag?post=9393"}],"curies":[{"name":"wp","href":"https:\/\/api.w.org\/{rel}","templated":true}]}}